{"id":2107,"date":"2023-06-15T08:26:51","date_gmt":"2023-06-15T06:26:51","guid":{"rendered":"https:\/\/www.schweizerkmupk.ch\/ueber-uns-2\/"},"modified":"2023-06-19T09:18:15","modified_gmt":"2023-06-19T07:18:15","slug":"savoir-qui-nous-sommes","status":"publish","type":"page","link":"https:\/\/www.schweizerkmupk.ch\/fr\/savoir-qui-nous-sommes\/","title":{"rendered":"A propos de nous"},"content":{"rendered":"<div class=\"wpb-content-wrapper\"><p>[vc_row equal_height=\u00a0\u00bbyes\u00a0\u00bb content_placement=\u00a0\u00bbtop\u00a0\u00bb css=\u00a0\u00bb.vc_custom_1607008906038{margin-bottom: 80px !important;}\u00a0\u00bb][vc_column][vc_column_text]<\/p>\n<h3 style=\"text-align: center;\">Savoir qui nous sommes<\/h3>\n<p>[\/vc_column_text][\/vc_column][\/vc_row][vc_row][vc_column][vc_column_text]<\/p>\n<div class=\"wpb_text_column wpb_content_element \">\n<div class=\"wpb_wrapper\">\n<p>La Schweizer KMU Pensionskasse est une caisse de pension ind\u00e9pendante dont le si\u00e8ge est \u00e0 Wollerau dans le canton de Schwyz. Elle assure les collaborateurs des PME suisses et leurs proches contre les cons\u00e9quences \u00e9conomiques de la vieillesse, de l\u2019invalidit\u00e9 et du d\u00e9c\u00e8s. Fond\u00e9e en 2020 par des entrepreneurs suisses avec l\u2019ambition de proposer une solution de pr\u00e9voyance simple et avec un d\u00e9veloppement durable, la Schweizer KMU Pensionskasse compte d\u00e9but 2023 d\u00e9j\u00e0 50 entreprises affili\u00e9es avec environ 1\u2019400 assur\u00e9s.<\/p>\n<p>Gr\u00e2ce \u00e0 sa forme juridique de fondation, la Schweizer KMU Pensionskasse a une personnalit\u00e9 juridique propre et est donc ind\u00e9pendante. L&rsquo;organe supr\u00eame est le Conseil de fondation, qui assume la direction g\u00e9n\u00e9rale et le contr\u00f4le.<\/p>\n<\/div>\n<\/div>\n<p>Les personnes suivantes assument des responsabilit\u00e9s et veillent \u00e0 ce que la pr\u00e9voyance des assur\u00e9s de la Schweizer KMU Pensionskasse soit attrayante :[\/vc_column_text][\/vc_column][vc_column width=\u00a0\u00bb1\/4&Prime;]<div class=\"standard-arrow list-divider bullet-top\"><ul>\n<li><a href=\"https:\/\/www.schweizerkmupk.ch\/fr\/conseil-de-fondation\/\">Conseil de fondation<\/a><\/li>\n<\/ul>\n<\/div>[\/vc_column][vc_column width=\u00a0\u00bb1\/4&Prime;]<div class=\"standard-arrow list-divider bullet-top\"><ul>\n<li><a href=\"https:\/\/www.schweizerkmupk.ch\/fr\/commission-de-placement\/\">Commission de placement<\/a><\/li>\n<\/ul>\n<\/div>[\/vc_column][vc_column width=\u00a0\u00bb1\/4&Prime;]<div class=\"standard-arrow list-divider bullet-top\"><ul>\n<li><a href=\"https:\/\/www.schweizerkmupk.ch\/fr\/direction\/\">Direction &amp; Gestion<\/a><\/li>\n<\/ul>\n<\/div>[\/vc_column][vc_column width=\u00a0\u00bb1\/4&Prime;]<div class=\"standard-arrow list-divider bullet-top\"><ul>\n<li><a href=\"https:\/\/www.schweizerkmupk.ch\/fr\/expertise-revision-et-surveillance\/\">Expert, r\u00e9vision et surveillance<\/a><\/li>\n<\/ul>\n<\/div>[\/vc_column][vc_column]<div class=\"ult-spacer spacer-69ecdc3cd05a3\" data-id=\"69ecdc3cd05a3\" data-height=\"30\" data-height-mobile=\"30\" data-height-tab=\"30\" data-height-tab-portrait=\"\" data-height-mobile-landscape=\"\" style=\"clear:both;display:block;\"><\/div>[\/vc_column][\/vc_row][vc_column][vc_column_text]<\/p>\n<div class=\"wpb_text_column wpb_content_element \">\n<div class=\"wpb_wrapper\">\n<h4 style=\"text-align: center;\">Nos valeurs<\/h4>\n<\/div>\n<\/div>\n<div class=\"wpb_text_column wpb_content_element \">\n<div class=\"wpb_wrapper\"><\/div>\n<\/div>\n<p>[\/vc_column_text][vc_column_text]<\/p>\n<div class=\"wpb_text_column wpb_content_element \">\n<div class=\"wpb_wrapper\">\n<p>Les valeurs que nous d\u00e9fendons:<\/p>\n<p><strong>Simple <\/strong>\u2013 Une administration simplifi\u00e9e ax\u00e9e sur les besoins des assur\u00e9\/es et des entreprises affili\u00e9es.<\/p>\n<p><strong>Durable<\/strong> \u2013 Notre propre philosophie de placement, qui consiste \u00e0 investir plut\u00f4t qu\u2019\u00e0 sp\u00e9culer, ainsi que notre propre Case Management des cas de prestations, qui nous permet de nous engager activement en faveur de la pr\u00e9vention et de la r\u00e9duction des dommages.<\/p>\n<p><strong>A valeur constante <\/strong>\u2013 Un conseil personnalis\u00e9 pour les assur\u00e9s et les retrait\u00e9s et une qualit\u00e9 de service \u00e9lev\u00e9e<\/p>\n<p><strong>Transparente<\/strong> \u2013 D\u00e9finition simple des prestations et des contributions, faibles frais de risque et d\u2019administration.<\/p>\n<p><strong>Juste <\/strong>\u2013 Taux de conversion juste et s\u00e9paration du capital de rente et du capital des actifs<\/p>\n<\/div>\n<\/div>\n<p>[\/vc_column_text][\/vc_column]<\/p>\n<\/div>","protected":false},"excerpt":{"rendered":"<p>[vc_row equal_height=\u00a0\u00bbyes\u00a0\u00bb content_placement=\u00a0\u00bbtop\u00a0\u00bb css=\u00a0\u00bb.vc_custom_1607008906038{margin-bottom: 80px !important;}\u00a0\u00bb][vc_column][vc_column_text] Savoir qui nous sommes [\/vc_column_text][\/vc_column][\/vc_row][vc_row][vc_column][vc_column_text] La Schweizer KMU Pensionskasse est une caisse de pension ind\u00e9pendante dont le si\u00e8ge est \u00e0 Wollerau dans le canton de Schwyz. Elle assure les collaborateurs des PME suisses et leurs proches contre les cons\u00e9quences \u00e9conomiques de la vieillesse, de l\u2019invalidit\u00e9 et du d\u00e9c\u00e8s. Fond\u00e9e&hellip;<\/p>\n","protected":false},"author":2,"featured_media":0,"parent":0,"menu_order":3,"comment_status":"closed","ping_status":"closed","template":"","meta":{"footnotes":""},"class_list":["post-2107","page","type-page","status-publish","hentry","description-off"],"yoast_head":"<!-- This site is optimized with the Yoast SEO plugin v26.9 - https:\/\/yoast.com\/product\/yoast-seo-wordpress\/ -->\n<title>Schweizer KMU Pensionskasse - A propos de nous<\/title>\n<meta name=\"description\" content=\"C&#039;est avec plaisir que nous nous pr\u00e9sentons \u00e0 vous. Vous trouverez ici des informations sur qui nous sommes, nos valeurs et les personnes responsables\" \/>\n<meta name=\"robots\" content=\"index, follow, max-snippet:-1, max-image-preview:large, max-video-preview:-1\" \/>\n<link rel=\"canonical\" href=\"https:\/\/www.schweizerkmupk.ch\/fr\/savoir-qui-nous-sommes\/\" \/>\n<meta property=\"og:locale\" content=\"fr_FR\" \/>\n<meta property=\"og:type\" content=\"article\" \/>\n<meta property=\"og:title\" content=\"Schweizer KMU Pensionskasse - A propos de nous\" \/>\n<meta property=\"og:description\" content=\"C&#039;est avec plaisir que nous nous pr\u00e9sentons \u00e0 vous. Vous trouverez ici des informations sur qui nous sommes, nos valeurs et les personnes responsables\" \/>\n<meta property=\"og:url\" content=\"https:\/\/www.schweizerkmupk.ch\/fr\/savoir-qui-nous-sommes\/\" \/>\n<meta property=\"og:site_name\" content=\"Pensionskasse\" \/>\n<meta property=\"article:modified_time\" content=\"2023-06-19T07:18:15+00:00\" \/>\n<meta name=\"twitter:card\" content=\"summary_large_image\" \/>\n<meta name=\"twitter:label1\" content=\"Dur\u00e9e de lecture estim\u00e9e\" \/>\n\t<meta name=\"twitter:data1\" content=\"2 minutes\" \/>\n<script type=\"application\/ld+json\" class=\"yoast-schema-graph\">{\"@context\":\"https:\/\/schema.org\",\"@graph\":[{\"@type\":\"WebPage\",\"@id\":\"https:\/\/www.schweizerkmupk.ch\/fr\/savoir-qui-nous-sommes\/\",\"url\":\"https:\/\/www.schweizerkmupk.ch\/fr\/savoir-qui-nous-sommes\/\",\"name\":\"Schweizer KMU Pensionskasse - A propos de nous\",\"isPartOf\":{\"@id\":\"https:\/\/www.schweizerkmupk.ch\/#website\"},\"datePublished\":\"2023-06-15T06:26:51+00:00\",\"dateModified\":\"2023-06-19T07:18:15+00:00\",\"description\":\"C'est avec plaisir que nous nous pr\u00e9sentons \u00e0 vous. Vous trouverez ici des informations sur qui nous sommes, nos valeurs et les personnes responsables\",\"inLanguage\":\"fr-FR\",\"potentialAction\":[{\"@type\":\"ReadAction\",\"target\":[\"https:\/\/www.schweizerkmupk.ch\/fr\/savoir-qui-nous-sommes\/\"]}]},{\"@type\":\"WebSite\",\"@id\":\"https:\/\/www.schweizerkmupk.ch\/#website\",\"url\":\"https:\/\/www.schweizerkmupk.ch\/\",\"name\":\"Pensionskasse\",\"description\":\"\",\"potentialAction\":[{\"@type\":\"SearchAction\",\"target\":{\"@type\":\"EntryPoint\",\"urlTemplate\":\"https:\/\/www.schweizerkmupk.ch\/?s={search_term_string}\"},\"query-input\":{\"@type\":\"PropertyValueSpecification\",\"valueRequired\":true,\"valueName\":\"search_term_string\"}}],\"inLanguage\":\"fr-FR\"}]}<\/script>\n<!-- \/ Yoast SEO plugin. -->","yoast_head_json":{"title":"Schweizer KMU Pensionskasse - A propos de nous","description":"C'est avec plaisir que nous nous pr\u00e9sentons \u00e0 vous. Vous trouverez ici des informations sur qui nous sommes, nos valeurs et les personnes responsables","robots":{"index":"index","follow":"follow","max-snippet":"max-snippet:-1","max-image-preview":"max-image-preview:large","max-video-preview":"max-video-preview:-1"},"canonical":"https:\/\/www.schweizerkmupk.ch\/fr\/savoir-qui-nous-sommes\/","og_locale":"fr_FR","og_type":"article","og_title":"Schweizer KMU Pensionskasse - A propos de nous","og_description":"C'est avec plaisir que nous nous pr\u00e9sentons \u00e0 vous. Vous trouverez ici des informations sur qui nous sommes, nos valeurs et les personnes responsables","og_url":"https:\/\/www.schweizerkmupk.ch\/fr\/savoir-qui-nous-sommes\/","og_site_name":"Pensionskasse","article_modified_time":"2023-06-19T07:18:15+00:00","twitter_card":"summary_large_image","twitter_misc":{"Dur\u00e9e de lecture estim\u00e9e":"2 minutes"},"schema":{"@context":"https:\/\/schema.org","@graph":[{"@type":"WebPage","@id":"https:\/\/www.schweizerkmupk.ch\/fr\/savoir-qui-nous-sommes\/","url":"https:\/\/www.schweizerkmupk.ch\/fr\/savoir-qui-nous-sommes\/","name":"Schweizer KMU Pensionskasse - A propos de nous","isPartOf":{"@id":"https:\/\/www.schweizerkmupk.ch\/#website"},"datePublished":"2023-06-15T06:26:51+00:00","dateModified":"2023-06-19T07:18:15+00:00","description":"C'est avec plaisir que nous nous pr\u00e9sentons \u00e0 vous. Vous trouverez ici des informations sur qui nous sommes, nos valeurs et les personnes responsables","inLanguage":"fr-FR","potentialAction":[{"@type":"ReadAction","target":["https:\/\/www.schweizerkmupk.ch\/fr\/savoir-qui-nous-sommes\/"]}]},{"@type":"WebSite","@id":"https:\/\/www.schweizerkmupk.ch\/#website","url":"https:\/\/www.schweizerkmupk.ch\/","name":"Pensionskasse","description":"","potentialAction":[{"@type":"SearchAction","target":{"@type":"EntryPoint","urlTemplate":"https:\/\/www.schweizerkmupk.ch\/?s={search_term_string}"},"query-input":{"@type":"PropertyValueSpecification","valueRequired":true,"valueName":"search_term_string"}}],"inLanguage":"fr-FR"}]}},"_links":{"self":[{"href":"https:\/\/www.schweizerkmupk.ch\/fr\/wp-json\/wp\/v2\/pages\/2107","targetHints":{"allow":["GET"]}}],"collection":[{"href":"https:\/\/www.schweizerkmupk.ch\/fr\/wp-json\/wp\/v2\/pages"}],"about":[{"href":"https:\/\/www.schweizerkmupk.ch\/fr\/wp-json\/wp\/v2\/types\/page"}],"author":[{"embeddable":true,"href":"https:\/\/www.schweizerkmupk.ch\/fr\/wp-json\/wp\/v2\/users\/2"}],"replies":[{"embeddable":true,"href":"https:\/\/www.schweizerkmupk.ch\/fr\/wp-json\/wp\/v2\/comments?post=2107"}],"version-history":[{"count":6,"href":"https:\/\/www.schweizerkmupk.ch\/fr\/wp-json\/wp\/v2\/pages\/2107\/revisions"}],"predecessor-version":[{"id":2207,"href":"https:\/\/www.schweizerkmupk.ch\/fr\/wp-json\/wp\/v2\/pages\/2107\/revisions\/2207"}],"wp:attachment":[{"href":"https:\/\/www.schweizerkmupk.ch\/fr\/wp-json\/wp\/v2\/media?parent=2107"}],"curies":[{"name":"wp","href":"https:\/\/api.w.org\/{rel}","templated":true}]}}