{"id":2129,"date":"2023-06-15T08:10:11","date_gmt":"2023-06-15T06:10:11","guid":{"rendered":"https:\/\/www.schweizerkmupk.ch\/stiftungsrat\/"},"modified":"2025-06-26T09:27:42","modified_gmt":"2025-06-26T07:27:42","slug":"conseil-de-fondation","status":"publish","type":"page","link":"https:\/\/www.schweizerkmupk.ch\/fr\/conseil-de-fondation\/","title":{"rendered":"Conseil de fondation"},"content":{"rendered":"<div class=\"wpb-content-wrapper\"><p>[vc_row equal_height=\u00a0\u00bbyes\u00a0\u00bb content_placement=\u00a0\u00bbtop\u00a0\u00bb css=\u00a0\u00bb.vc_custom_1607008906038{margin-bottom: 80px !important;}\u00a0\u00bb][vc_column][vc_column_text]<\/p>\n<div class=\"wpb_text_column wpb_content_element \">\n<div class=\"wpb_wrapper\">\n<h3 style=\"text-align: center;\">Conseil de fondation<\/h3>\n<\/div>\n<\/div>\n<div class=\"wpb_text_column wpb_content_element \">\n<div class=\"wpb_wrapper\"><\/div>\n<\/div>\n<p>[\/vc_column_text][\/vc_column][\/vc_row][vc_row][vc_column][vc_column_text]Le conseil de fondation est l&rsquo;organe supr\u00eame de la Schweizer KMU Pensionskasse. La direction g\u00e9n\u00e9rale et le contr\u00f4le sont au c\u0153ur de ses multiples t\u00e2ches. Le conseil de fondation d\u00e9finit les objectifs strat\u00e9giques et cr\u00e9e les bases de la pr\u00e9voyance, des placements, de l&rsquo;organisation et de la communication. Il \u00e9lit \u00e9galement la commission de placement, la direction, l&rsquo;expert et l&rsquo;organe de r\u00e9vision.<\/p>\n<p>Cet organe de six personnes est \u00e9lu par les commissions de pr\u00e9voyance des entreprises affili\u00e9es et sa composition est paritaire (autant de repr\u00e9sentants des employeurs que de repr\u00e9sentants des salari\u00e9s).<\/p>\n<p>Tous les membres du conseil de fondation sont eux-m\u00eames assur\u00e9s aupr\u00e8s de la Schweizer KMU Pensionskasse ou y sont affili\u00e9s avec le personnel de leur entreprise.[\/vc_column_text][vc_column_text]<\/p>\n<h5>Repr\u00e9sentants des employeurs<\/h5>\n<p>[\/vc_column_text]<div class=\"ult-spacer spacer-69ece09fad80e\" data-id=\"69ece09fad80e\" data-height=\"\" data-height-mobile=\"\" data-height-tab=\"\" data-height-tab-portrait=\"\" data-height-mobile-landscape=\"\" style=\"clear:both;display:block;\"><\/div>[\/vc_column][vc_column width=\u00a0\u00bb1\/3&Prime;]<div class=\"standard-arrow list-divider bullet-top\"><p><strong>Christian Nussbaumer<\/strong><\/p>\n<ul>\n<li>Membre du conseil de fondation depuis 2020,<br \/>\nPr\u00e9sident<\/li>\n<li>Partenaire,<br \/>\nAeberli Treuhand AG \u00e0 Zurich<\/li>\n<\/ul>\n<\/div>[\/vc_column][vc_column width=\u00a0\u00bb1\/3&Prime;]<div class=\"standard-arrow list-divider bullet-top\"><p><strong>Dr. Felix Obrist<\/strong><\/p>\n<ul>\n<li>Membre du conseil de fondation depuis 2020,<br \/>\nMembre de la commission de placement<\/li>\n<li>CEO,<br \/>\nNahrin AG \u00e0 Sarnen OW<\/li>\n<\/ul>\n<\/div>[\/vc_column][vc_column width=\u00a0\u00bb1\/3&Prime;]<div class=\"standard-arrow list-divider bullet-top\"><p><strong>Silvan Eberhard<\/strong><\/p>\n<ul>\n<li>Membre du conseil de fondation depuis 2025<br \/>\n<span style=\"color: #ffffff;\">x<\/span><\/li>\n<li>Responsable de la logistique,<br \/>\nEberhard Bau AG \u00e0 Kloten ZH<\/li>\n<\/ul>\n<\/div>[\/vc_column][vc_column]<div class=\"ult-spacer spacer-69ece09fad947\" data-id=\"69ece09fad947\" data-height=\"30\" data-height-mobile=\"30\" data-height-tab=\"30\" data-height-tab-portrait=\"\" data-height-mobile-landscape=\"\" style=\"clear:both;display:block;\"><\/div>[vc_column_text]<\/p>\n<h5>Repr\u00e9sentants des employ\u00e9s<\/h5>\n<p>[\/vc_column_text]<div class=\"ult-spacer spacer-69ece09fad96b\" data-id=\"69ece09fad96b\" data-height=\"\" data-height-mobile=\"\" data-height-tab=\"\" data-height-tab-portrait=\"\" data-height-mobile-landscape=\"\" style=\"clear:both;display:block;\"><\/div>[\/vc_column][\/vc_row][vc_row][vc_column width=\u00a0\u00bb1\/3&Prime;]<div class=\"standard-arrow list-divider bullet-top\"><p><strong>Matthias Hauser<\/strong><\/p>\n<ul>\n<li>Membre du conseil de fondation depuis 2023,<br \/>\nVice-pr\u00e9sident<\/li>\n<li>Corporate Controller,<br \/>\nSimilasan Gruppe \u00e0 Jonen AG<\/li>\n<\/ul>\n<\/div>[\/vc_column][vc_column width=\u00a0\u00bb1\/3&Prime;]<div class=\"standard-arrow list-divider bullet-top\"><p><strong>Pascal Spaar<\/strong><\/p>\n<ul>\n<li>Membre du conseil de fondation depuis 2022,<br \/>\nMembre de la commission de placement<\/li>\n<li>Responsable projet,<br \/>\nEberhard Recycling AG \u00e0 Kloten ZH<\/li>\n<\/ul>\n<\/div>[\/vc_column][vc_column width=\u00a0\u00bb1\/3&Prime;]<div class=\"standard-arrow list-divider bullet-top\"><p><strong>Silvana Zwahlen<\/strong><\/p>\n<ul>\n<li>Membre du conseil de fondation depuis 2023<br \/>\n<span style=\"color: #ffffff;\">Test<\/span><\/li>\n<li>Responsable finances, personnel et administration,<br \/>\nMax Schweizer AG \u00e0 Zurich<\/li>\n<\/ul>\n<\/div>[\/vc_column][\/vc_row][vc_column][\/vc_column]<\/p>\n<\/div>","protected":false},"excerpt":{"rendered":"<p>[vc_row equal_height=\u00a0\u00bbyes\u00a0\u00bb content_placement=\u00a0\u00bbtop\u00a0\u00bb css=\u00a0\u00bb.vc_custom_1607008906038{margin-bottom: 80px !important;}\u00a0\u00bb][vc_column][vc_column_text] Conseil de fondation [\/vc_column_text][\/vc_column][\/vc_row][vc_row][vc_column][vc_column_text]Le conseil de fondation est l&rsquo;organe supr\u00eame de la Schweizer KMU Pensionskasse. La direction g\u00e9n\u00e9rale et le contr\u00f4le sont au c\u0153ur de ses multiples t\u00e2ches. Le conseil de fondation d\u00e9finit les objectifs strat\u00e9giques et cr\u00e9e les bases de la pr\u00e9voyance, des placements, de l&rsquo;organisation et de&hellip;<\/p>\n","protected":false},"author":2,"featured_media":0,"parent":0,"menu_order":4,"comment_status":"closed","ping_status":"closed","template":"","meta":{"footnotes":""},"class_list":["post-2129","page","type-page","status-publish","hentry","description-off"],"yoast_head":"<!-- This site is optimized with the Yoast SEO plugin v26.9 - https:\/\/yoast.com\/product\/yoast-seo-wordpress\/ -->\n<title>Schweizer KMU Pensionskasse - Conseil de fondation<\/title>\n<meta name=\"description\" content=\"C&#039;est avec plaisir que nous nous pr\u00e9sentons \u00e0 vous. Vous trouverez ici des informations sur qui nous sommes, nos valeurs ainsi que sur le conseil de fondation et la direction.\" \/>\n<meta name=\"robots\" content=\"index, follow, max-snippet:-1, max-image-preview:large, max-video-preview:-1\" \/>\n<link rel=\"canonical\" href=\"https:\/\/www.schweizerkmupk.ch\/fr\/conseil-de-fondation\/\" \/>\n<meta property=\"og:locale\" content=\"fr_FR\" \/>\n<meta property=\"og:type\" content=\"article\" \/>\n<meta property=\"og:title\" content=\"Schweizer KMU Pensionskasse - Conseil de fondation\" \/>\n<meta property=\"og:description\" content=\"C&#039;est avec plaisir que nous nous pr\u00e9sentons \u00e0 vous. Vous trouverez ici des informations sur qui nous sommes, nos valeurs ainsi que sur le conseil de fondation et la direction.\" \/>\n<meta property=\"og:url\" content=\"https:\/\/www.schweizerkmupk.ch\/fr\/conseil-de-fondation\/\" \/>\n<meta property=\"og:site_name\" content=\"Pensionskasse\" \/>\n<meta property=\"article:modified_time\" content=\"2025-06-26T07:27:42+00:00\" \/>\n<meta name=\"twitter:card\" content=\"summary_large_image\" \/>\n<meta name=\"twitter:label1\" content=\"Dur\u00e9e de lecture estim\u00e9e\" \/>\n\t<meta name=\"twitter:data1\" content=\"2 minutes\" \/>\n<script type=\"application\/ld+json\" class=\"yoast-schema-graph\">{\"@context\":\"https:\/\/schema.org\",\"@graph\":[{\"@type\":\"WebPage\",\"@id\":\"https:\/\/www.schweizerkmupk.ch\/fr\/conseil-de-fondation\/\",\"url\":\"https:\/\/www.schweizerkmupk.ch\/fr\/conseil-de-fondation\/\",\"name\":\"Schweizer KMU Pensionskasse - Conseil de fondation\",\"isPartOf\":{\"@id\":\"https:\/\/www.schweizerkmupk.ch\/#website\"},\"datePublished\":\"2023-06-15T06:10:11+00:00\",\"dateModified\":\"2025-06-26T07:27:42+00:00\",\"description\":\"C'est avec plaisir que nous nous pr\u00e9sentons \u00e0 vous. Vous trouverez ici des informations sur qui nous sommes, nos valeurs ainsi que sur le conseil de fondation et la direction.\",\"inLanguage\":\"fr-FR\",\"potentialAction\":[{\"@type\":\"ReadAction\",\"target\":[\"https:\/\/www.schweizerkmupk.ch\/fr\/conseil-de-fondation\/\"]}]},{\"@type\":\"WebSite\",\"@id\":\"https:\/\/www.schweizerkmupk.ch\/#website\",\"url\":\"https:\/\/www.schweizerkmupk.ch\/\",\"name\":\"Pensionskasse\",\"description\":\"\",\"potentialAction\":[{\"@type\":\"SearchAction\",\"target\":{\"@type\":\"EntryPoint\",\"urlTemplate\":\"https:\/\/www.schweizerkmupk.ch\/?s={search_term_string}\"},\"query-input\":{\"@type\":\"PropertyValueSpecification\",\"valueRequired\":true,\"valueName\":\"search_term_string\"}}],\"inLanguage\":\"fr-FR\"}]}<\/script>\n<!-- \/ Yoast SEO plugin. -->","yoast_head_json":{"title":"Schweizer KMU Pensionskasse - Conseil de fondation","description":"C'est avec plaisir que nous nous pr\u00e9sentons \u00e0 vous. Vous trouverez ici des informations sur qui nous sommes, nos valeurs ainsi que sur le conseil de fondation et la direction.","robots":{"index":"index","follow":"follow","max-snippet":"max-snippet:-1","max-image-preview":"max-image-preview:large","max-video-preview":"max-video-preview:-1"},"canonical":"https:\/\/www.schweizerkmupk.ch\/fr\/conseil-de-fondation\/","og_locale":"fr_FR","og_type":"article","og_title":"Schweizer KMU Pensionskasse - Conseil de fondation","og_description":"C'est avec plaisir que nous nous pr\u00e9sentons \u00e0 vous. Vous trouverez ici des informations sur qui nous sommes, nos valeurs ainsi que sur le conseil de fondation et la direction.","og_url":"https:\/\/www.schweizerkmupk.ch\/fr\/conseil-de-fondation\/","og_site_name":"Pensionskasse","article_modified_time":"2025-06-26T07:27:42+00:00","twitter_card":"summary_large_image","twitter_misc":{"Dur\u00e9e de lecture estim\u00e9e":"2 minutes"},"schema":{"@context":"https:\/\/schema.org","@graph":[{"@type":"WebPage","@id":"https:\/\/www.schweizerkmupk.ch\/fr\/conseil-de-fondation\/","url":"https:\/\/www.schweizerkmupk.ch\/fr\/conseil-de-fondation\/","name":"Schweizer KMU Pensionskasse - Conseil de fondation","isPartOf":{"@id":"https:\/\/www.schweizerkmupk.ch\/#website"},"datePublished":"2023-06-15T06:10:11+00:00","dateModified":"2025-06-26T07:27:42+00:00","description":"C'est avec plaisir que nous nous pr\u00e9sentons \u00e0 vous. Vous trouverez ici des informations sur qui nous sommes, nos valeurs ainsi que sur le conseil de fondation et la direction.","inLanguage":"fr-FR","potentialAction":[{"@type":"ReadAction","target":["https:\/\/www.schweizerkmupk.ch\/fr\/conseil-de-fondation\/"]}]},{"@type":"WebSite","@id":"https:\/\/www.schweizerkmupk.ch\/#website","url":"https:\/\/www.schweizerkmupk.ch\/","name":"Pensionskasse","description":"","potentialAction":[{"@type":"SearchAction","target":{"@type":"EntryPoint","urlTemplate":"https:\/\/www.schweizerkmupk.ch\/?s={search_term_string}"},"query-input":{"@type":"PropertyValueSpecification","valueRequired":true,"valueName":"search_term_string"}}],"inLanguage":"fr-FR"}]}},"_links":{"self":[{"href":"https:\/\/www.schweizerkmupk.ch\/fr\/wp-json\/wp\/v2\/pages\/2129","targetHints":{"allow":["GET"]}}],"collection":[{"href":"https:\/\/www.schweizerkmupk.ch\/fr\/wp-json\/wp\/v2\/pages"}],"about":[{"href":"https:\/\/www.schweizerkmupk.ch\/fr\/wp-json\/wp\/v2\/types\/page"}],"author":[{"embeddable":true,"href":"https:\/\/www.schweizerkmupk.ch\/fr\/wp-json\/wp\/v2\/users\/2"}],"replies":[{"embeddable":true,"href":"https:\/\/www.schweizerkmupk.ch\/fr\/wp-json\/wp\/v2\/comments?post=2129"}],"version-history":[{"count":9,"href":"https:\/\/www.schweizerkmupk.ch\/fr\/wp-json\/wp\/v2\/pages\/2129\/revisions"}],"predecessor-version":[{"id":2615,"href":"https:\/\/www.schweizerkmupk.ch\/fr\/wp-json\/wp\/v2\/pages\/2129\/revisions\/2615"}],"wp:attachment":[{"href":"https:\/\/www.schweizerkmupk.ch\/fr\/wp-json\/wp\/v2\/media?parent=2129"}],"curies":[{"name":"wp","href":"https:\/\/api.w.org\/{rel}","templated":true}]}}