{"id":2145,"date":"2023-06-15T08:09:57","date_gmt":"2023-06-15T06:09:57","guid":{"rendered":"https:\/\/www.schweizerkmupk.ch\/investment-committee\/"},"modified":"2023-06-19T09:28:57","modified_gmt":"2023-06-19T07:28:57","slug":"commission-de-placement","status":"publish","type":"page","link":"https:\/\/www.schweizerkmupk.ch\/fr\/commission-de-placement\/","title":{"rendered":"Commission de placement"},"content":{"rendered":"<div class=\"wpb-content-wrapper\"><p>[vc_row equal_height=\u00a0\u00bbyes\u00a0\u00bb content_placement=\u00a0\u00bbtop\u00a0\u00bb css=\u00a0\u00bb.vc_custom_1607008906038{margin-bottom: 80px !important;}\u00a0\u00bb][vc_column][vc_column_text]<\/p>\n<div class=\"wpb_text_column wpb_content_element \">\n<div class=\"wpb_wrapper\">\n<h3 style=\"text-align: center;\"><strong>Commission de placement<\/strong><\/h3>\n<\/div>\n<\/div>\n<p>[\/vc_column_text][\/vc_column][\/vc_row][vc_row][vc_column][vc_column_text]<\/p>\n<div class=\"wpb_text_column wpb_content_element \">\n<div class=\"wpb_wrapper\">\n<p>La commission de placement est responsable de la mise en \u0153uvre de la strat\u00e9gie de placements. Elle supervise \u00e9galement les gestionnaires d&rsquo;actifs externes et assure le reporting au conseil de fondation.<\/p>\n<p>La commission de placement est compos\u00e9e de trois membres; dont deux sont issus du conseil de fondation et un du bureau de gestion de la Schweizer KMU Pensionskasse.<\/p>\n<p>&nbsp;<\/p>\n<\/div>\n<\/div>\n<p>[\/vc_column_text][\/vc_column][vc_column][vc_column_text]<\/p>\n<h5>Constellation de la Commission de placement \u00e0 partir du 1er janvier 2023 :<\/h5>\n<p>[\/vc_column_text][\/vc_column][vc_column width=\u00a0\u00bb1\/3&Prime;]<div class=\"standard-arrow list-divider bullet-top\"><p><strong>Dr. Felix Obrist<\/strong><\/p>\n<ul>\n<li>Membre du conseil de fondation<\/li>\n<\/ul>\n<\/div>[\/vc_column][vc_column width=\u00a0\u00bb1\/3&Prime;]<div class=\"standard-arrow list-divider bullet-top\"><p><strong>Pascal Spaar<\/strong><\/p>\n<ul>\n<li>Membre du conseil de fondation<\/li>\n<\/ul>\n<\/div>[\/vc_column][vc_column width=\u00a0\u00bb1\/3&Prime;]<div class=\"standard-arrow list-divider bullet-top\"><p><strong>Andr\u00e9 H\u00fcppin<\/strong><\/p>\n<ul>\n<li>Directeur de Safe Future Management AG,<br \/>\nMembre consultatif sans droit de vote<br \/>\n<span style=\"color: #ffffff;\">Te<\/span><\/li>\n<\/ul>\n<\/div>[\/vc_column][\/vc_row][vc_column][\/vc_column]<\/p>\n<\/div>","protected":false},"excerpt":{"rendered":"<p>[vc_row equal_height=\u00a0\u00bbyes\u00a0\u00bb content_placement=\u00a0\u00bbtop\u00a0\u00bb css=\u00a0\u00bb.vc_custom_1607008906038{margin-bottom: 80px !important;}\u00a0\u00bb][vc_column][vc_column_text] Commission de placement [\/vc_column_text][\/vc_column][\/vc_row][vc_row][vc_column][vc_column_text] La commission de placement est responsable de la mise en \u0153uvre de la strat\u00e9gie de placements. Elle supervise \u00e9galement les gestionnaires d&rsquo;actifs externes et assure le reporting au conseil de fondation. La commission de placement est compos\u00e9e de trois membres; dont deux sont issus du&hellip;<\/p>\n","protected":false},"author":2,"featured_media":0,"parent":0,"menu_order":5,"comment_status":"closed","ping_status":"closed","template":"","meta":{"footnotes":""},"class_list":["post-2145","page","type-page","status-publish","hentry","description-off"],"yoast_head":"<!-- This site is optimized with the Yoast SEO plugin v26.9 - https:\/\/yoast.com\/product\/yoast-seo-wordpress\/ -->\n<title>Schweizer KMU Pensionskasse - Commission de placement<\/title>\n<meta name=\"description\" content=\"Nous souhaitons nous pr\u00e9senter \u00e0 vous. Vous trouverez ici des informations sur notre identit\u00e9, nos valeurs ainsi que sur le conseil de fondation et la direction.\" \/>\n<meta name=\"robots\" content=\"index, follow, max-snippet:-1, max-image-preview:large, max-video-preview:-1\" \/>\n<link rel=\"canonical\" href=\"https:\/\/www.schweizerkmupk.ch\/fr\/commission-de-placement\/\" \/>\n<meta property=\"og:locale\" content=\"fr_FR\" \/>\n<meta property=\"og:type\" content=\"article\" \/>\n<meta property=\"og:title\" content=\"Schweizer KMU Pensionskasse - Commission de placement\" \/>\n<meta property=\"og:description\" content=\"Nous souhaitons nous pr\u00e9senter \u00e0 vous. Vous trouverez ici des informations sur notre identit\u00e9, nos valeurs ainsi que sur le conseil de fondation et la direction.\" \/>\n<meta property=\"og:url\" content=\"https:\/\/www.schweizerkmupk.ch\/fr\/commission-de-placement\/\" \/>\n<meta property=\"og:site_name\" content=\"Pensionskasse\" \/>\n<meta property=\"article:modified_time\" content=\"2023-06-19T07:28:57+00:00\" \/>\n<meta name=\"twitter:card\" content=\"summary_large_image\" \/>\n<meta name=\"twitter:label1\" content=\"Dur\u00e9e de lecture estim\u00e9e\" \/>\n\t<meta name=\"twitter:data1\" content=\"1 minute\" \/>\n<script type=\"application\/ld+json\" class=\"yoast-schema-graph\">{\"@context\":\"https:\/\/schema.org\",\"@graph\":[{\"@type\":\"WebPage\",\"@id\":\"https:\/\/www.schweizerkmupk.ch\/fr\/commission-de-placement\/\",\"url\":\"https:\/\/www.schweizerkmupk.ch\/fr\/commission-de-placement\/\",\"name\":\"Schweizer KMU Pensionskasse - Commission de placement\",\"isPartOf\":{\"@id\":\"https:\/\/www.schweizerkmupk.ch\/#website\"},\"datePublished\":\"2023-06-15T06:09:57+00:00\",\"dateModified\":\"2023-06-19T07:28:57+00:00\",\"description\":\"Nous souhaitons nous pr\u00e9senter \u00e0 vous. Vous trouverez ici des informations sur notre identit\u00e9, nos valeurs ainsi que sur le conseil de fondation et la direction.\",\"inLanguage\":\"fr-FR\",\"potentialAction\":[{\"@type\":\"ReadAction\",\"target\":[\"https:\/\/www.schweizerkmupk.ch\/fr\/commission-de-placement\/\"]}]},{\"@type\":\"WebSite\",\"@id\":\"https:\/\/www.schweizerkmupk.ch\/#website\",\"url\":\"https:\/\/www.schweizerkmupk.ch\/\",\"name\":\"Pensionskasse\",\"description\":\"\",\"potentialAction\":[{\"@type\":\"SearchAction\",\"target\":{\"@type\":\"EntryPoint\",\"urlTemplate\":\"https:\/\/www.schweizerkmupk.ch\/?s={search_term_string}\"},\"query-input\":{\"@type\":\"PropertyValueSpecification\",\"valueRequired\":true,\"valueName\":\"search_term_string\"}}],\"inLanguage\":\"fr-FR\"}]}<\/script>\n<!-- \/ Yoast SEO plugin. -->","yoast_head_json":{"title":"Schweizer KMU Pensionskasse - Commission de placement","description":"Nous souhaitons nous pr\u00e9senter \u00e0 vous. Vous trouverez ici des informations sur notre identit\u00e9, nos valeurs ainsi que sur le conseil de fondation et la direction.","robots":{"index":"index","follow":"follow","max-snippet":"max-snippet:-1","max-image-preview":"max-image-preview:large","max-video-preview":"max-video-preview:-1"},"canonical":"https:\/\/www.schweizerkmupk.ch\/fr\/commission-de-placement\/","og_locale":"fr_FR","og_type":"article","og_title":"Schweizer KMU Pensionskasse - Commission de placement","og_description":"Nous souhaitons nous pr\u00e9senter \u00e0 vous. Vous trouverez ici des informations sur notre identit\u00e9, nos valeurs ainsi que sur le conseil de fondation et la direction.","og_url":"https:\/\/www.schweizerkmupk.ch\/fr\/commission-de-placement\/","og_site_name":"Pensionskasse","article_modified_time":"2023-06-19T07:28:57+00:00","twitter_card":"summary_large_image","twitter_misc":{"Dur\u00e9e de lecture estim\u00e9e":"1 minute"},"schema":{"@context":"https:\/\/schema.org","@graph":[{"@type":"WebPage","@id":"https:\/\/www.schweizerkmupk.ch\/fr\/commission-de-placement\/","url":"https:\/\/www.schweizerkmupk.ch\/fr\/commission-de-placement\/","name":"Schweizer KMU Pensionskasse - Commission de placement","isPartOf":{"@id":"https:\/\/www.schweizerkmupk.ch\/#website"},"datePublished":"2023-06-15T06:09:57+00:00","dateModified":"2023-06-19T07:28:57+00:00","description":"Nous souhaitons nous pr\u00e9senter \u00e0 vous. Vous trouverez ici des informations sur notre identit\u00e9, nos valeurs ainsi que sur le conseil de fondation et la direction.","inLanguage":"fr-FR","potentialAction":[{"@type":"ReadAction","target":["https:\/\/www.schweizerkmupk.ch\/fr\/commission-de-placement\/"]}]},{"@type":"WebSite","@id":"https:\/\/www.schweizerkmupk.ch\/#website","url":"https:\/\/www.schweizerkmupk.ch\/","name":"Pensionskasse","description":"","potentialAction":[{"@type":"SearchAction","target":{"@type":"EntryPoint","urlTemplate":"https:\/\/www.schweizerkmupk.ch\/?s={search_term_string}"},"query-input":{"@type":"PropertyValueSpecification","valueRequired":true,"valueName":"search_term_string"}}],"inLanguage":"fr-FR"}]}},"_links":{"self":[{"href":"https:\/\/www.schweizerkmupk.ch\/fr\/wp-json\/wp\/v2\/pages\/2145","targetHints":{"allow":["GET"]}}],"collection":[{"href":"https:\/\/www.schweizerkmupk.ch\/fr\/wp-json\/wp\/v2\/pages"}],"about":[{"href":"https:\/\/www.schweizerkmupk.ch\/fr\/wp-json\/wp\/v2\/types\/page"}],"author":[{"embeddable":true,"href":"https:\/\/www.schweizerkmupk.ch\/fr\/wp-json\/wp\/v2\/users\/2"}],"replies":[{"embeddable":true,"href":"https:\/\/www.schweizerkmupk.ch\/fr\/wp-json\/wp\/v2\/comments?post=2145"}],"version-history":[{"count":4,"href":"https:\/\/www.schweizerkmupk.ch\/fr\/wp-json\/wp\/v2\/pages\/2145\/revisions"}],"predecessor-version":[{"id":2215,"href":"https:\/\/www.schweizerkmupk.ch\/fr\/wp-json\/wp\/v2\/pages\/2145\/revisions\/2215"}],"wp:attachment":[{"href":"https:\/\/www.schweizerkmupk.ch\/fr\/wp-json\/wp\/v2\/media?parent=2145"}],"curies":[{"name":"wp","href":"https:\/\/api.w.org\/{rel}","templated":true}]}}