{"id":2161,"date":"2023-06-15T08:07:22","date_gmt":"2023-06-15T06:07:22","guid":{"rendered":"https:\/\/www.schweizerkmupk.ch\/geschaeftsstelle\/"},"modified":"2023-06-16T15:12:41","modified_gmt":"2023-06-16T13:12:41","slug":"direction","status":"publish","type":"page","link":"https:\/\/www.schweizerkmupk.ch\/fr\/direction\/","title":{"rendered":"Direction"},"content":{"rendered":"<div class=\"wpb-content-wrapper\"><p>[vc_row equal_height=\u00a0\u00bbyes\u00a0\u00bb content_placement=\u00a0\u00bbtop\u00a0\u00bb css=\u00a0\u00bb.vc_custom_1607008906038{margin-bottom: 80px !important;}\u00a0\u00bb][vc_column][vc_column_text]<\/p>\n<h3 style=\"text-align: center;\">Direction<\/h3>\n<p>[\/vc_column_text][vc_column_text]La direction est responsable de la gestion op\u00e9rationnelle de la Schweizer KMU Pensionskasse. Ses t\u00e2ches comprennent la gestion des assur\u00e9s, la tenue de la comptabilit\u00e9 financi\u00e8re, la planification des liquidit\u00e9s ainsi que la communication interne et externe.[\/vc_column_text][\/vc_column][vc_column width=\u00a0\u00bb1\/4&Prime;][vc_column_text]Safe Future Management AG<br \/>\nW\u00e4chlenstrasse 13<br \/>\n8832 Wollerau<\/p>\n<p><a href=\"tel:0438882232\">043 888 22 32<\/a><a href=\"mailto:info@safefuture.ch\"><br \/>\ninfo@safefuture.ch<\/a><br \/>\n<a href=\"http:\/\/www.safefuture.ch\">safefuture.ch<\/a>[\/vc_column_text][\/vc_column][vc_column]<div class=\"ult-spacer spacer-69ef196d794d2\" data-id=\"69ef196d794d2\" data-height=\"30\" data-height-mobile=\"30\" data-height-tab=\"30\" data-height-tab-portrait=\"\" data-height-mobile-landscape=\"\" style=\"clear:both;display:block;\"><\/div>[vc_column_text]<strong>Coordonn\u00e9es bancaires de la Schweizer KMU Pensionskasse<\/strong>[\/vc_column_text][vc_column_text]Aargauische Kantonalbank, 5001 Aarau<br \/>\nIBAN CH34 0076 1645 9740 3200 1<br \/>\nen faveur de Schweizer KMU Pensionskasse, 8832 Wollerau[\/vc_column_text][\/vc_column][\/vc_row][vc_column][\/vc_column]<\/p>\n<\/div>","protected":false},"excerpt":{"rendered":"<p>[vc_row equal_height=\u00a0\u00bbyes\u00a0\u00bb content_placement=\u00a0\u00bbtop\u00a0\u00bb css=\u00a0\u00bb.vc_custom_1607008906038{margin-bottom: 80px !important;}\u00a0\u00bb][vc_column][vc_column_text] Direction [\/vc_column_text][vc_column_text]La direction est responsable de la gestion op\u00e9rationnelle de la Schweizer KMU Pensionskasse. Ses t\u00e2ches comprennent la gestion des assur\u00e9s, la tenue de la comptabilit\u00e9 financi\u00e8re, la planification des liquidit\u00e9s ainsi que la communication interne et externe.[\/vc_column_text][\/vc_column][vc_column width=\u00a0\u00bb1\/4&Prime;][vc_column_text]Safe Future Management AG W\u00e4chlenstrasse 13 8832 Wollerau 043 888 22&hellip;<\/p>\n","protected":false},"author":2,"featured_media":0,"parent":0,"menu_order":6,"comment_status":"closed","ping_status":"closed","template":"","meta":{"footnotes":""},"class_list":["post-2161","page","type-page","status-publish","hentry","description-off"],"yoast_head":"<!-- This site is optimized with the Yoast SEO plugin v26.9 - https:\/\/yoast.com\/product\/yoast-seo-wordpress\/ -->\n<title>Schweizer KMU Pensionskasse - Direction<\/title>\n<meta name=\"description\" content=\"C&#039;est avec plaisir que nous nous pr\u00e9sentons \u00e0 vous. Vous trouverez ici des informations sur qui nous sommes, nos valeurs ainsi que sur le conseil de fondation et la direction.\" \/>\n<meta name=\"robots\" content=\"index, follow, max-snippet:-1, max-image-preview:large, max-video-preview:-1\" \/>\n<link rel=\"canonical\" href=\"https:\/\/www.schweizerkmupk.ch\/fr\/direction\/\" \/>\n<meta property=\"og:locale\" content=\"fr_FR\" \/>\n<meta property=\"og:type\" content=\"article\" \/>\n<meta property=\"og:title\" content=\"Schweizer KMU Pensionskasse - Direction\" \/>\n<meta property=\"og:description\" content=\"C&#039;est avec plaisir que nous nous pr\u00e9sentons \u00e0 vous. Vous trouverez ici des informations sur qui nous sommes, nos valeurs ainsi que sur le conseil de fondation et la direction.\" \/>\n<meta property=\"og:url\" content=\"https:\/\/www.schweizerkmupk.ch\/fr\/direction\/\" \/>\n<meta property=\"og:site_name\" content=\"Pensionskasse\" \/>\n<meta property=\"article:modified_time\" content=\"2023-06-16T13:12:41+00:00\" \/>\n<meta name=\"twitter:card\" content=\"summary_large_image\" \/>\n<meta name=\"twitter:label1\" content=\"Dur\u00e9e de lecture estim\u00e9e\" \/>\n\t<meta name=\"twitter:data1\" content=\"1 minute\" \/>\n<script type=\"application\/ld+json\" class=\"yoast-schema-graph\">{\"@context\":\"https:\/\/schema.org\",\"@graph\":[{\"@type\":\"WebPage\",\"@id\":\"https:\/\/www.schweizerkmupk.ch\/fr\/direction\/\",\"url\":\"https:\/\/www.schweizerkmupk.ch\/fr\/direction\/\",\"name\":\"Schweizer KMU Pensionskasse - Direction\",\"isPartOf\":{\"@id\":\"https:\/\/www.schweizerkmupk.ch\/#website\"},\"datePublished\":\"2023-06-15T06:07:22+00:00\",\"dateModified\":\"2023-06-16T13:12:41+00:00\",\"description\":\"C'est avec plaisir que nous nous pr\u00e9sentons \u00e0 vous. Vous trouverez ici des informations sur qui nous sommes, nos valeurs ainsi que sur le conseil de fondation et la direction.\",\"inLanguage\":\"fr-FR\",\"potentialAction\":[{\"@type\":\"ReadAction\",\"target\":[\"https:\/\/www.schweizerkmupk.ch\/fr\/direction\/\"]}]},{\"@type\":\"WebSite\",\"@id\":\"https:\/\/www.schweizerkmupk.ch\/#website\",\"url\":\"https:\/\/www.schweizerkmupk.ch\/\",\"name\":\"Pensionskasse\",\"description\":\"\",\"potentialAction\":[{\"@type\":\"SearchAction\",\"target\":{\"@type\":\"EntryPoint\",\"urlTemplate\":\"https:\/\/www.schweizerkmupk.ch\/?s={search_term_string}\"},\"query-input\":{\"@type\":\"PropertyValueSpecification\",\"valueRequired\":true,\"valueName\":\"search_term_string\"}}],\"inLanguage\":\"fr-FR\"}]}<\/script>\n<!-- \/ Yoast SEO plugin. -->","yoast_head_json":{"title":"Schweizer KMU Pensionskasse - Direction","description":"C'est avec plaisir que nous nous pr\u00e9sentons \u00e0 vous. Vous trouverez ici des informations sur qui nous sommes, nos valeurs ainsi que sur le conseil de fondation et la direction.","robots":{"index":"index","follow":"follow","max-snippet":"max-snippet:-1","max-image-preview":"max-image-preview:large","max-video-preview":"max-video-preview:-1"},"canonical":"https:\/\/www.schweizerkmupk.ch\/fr\/direction\/","og_locale":"fr_FR","og_type":"article","og_title":"Schweizer KMU Pensionskasse - Direction","og_description":"C'est avec plaisir que nous nous pr\u00e9sentons \u00e0 vous. Vous trouverez ici des informations sur qui nous sommes, nos valeurs ainsi que sur le conseil de fondation et la direction.","og_url":"https:\/\/www.schweizerkmupk.ch\/fr\/direction\/","og_site_name":"Pensionskasse","article_modified_time":"2023-06-16T13:12:41+00:00","twitter_card":"summary_large_image","twitter_misc":{"Dur\u00e9e de lecture estim\u00e9e":"1 minute"},"schema":{"@context":"https:\/\/schema.org","@graph":[{"@type":"WebPage","@id":"https:\/\/www.schweizerkmupk.ch\/fr\/direction\/","url":"https:\/\/www.schweizerkmupk.ch\/fr\/direction\/","name":"Schweizer KMU Pensionskasse - Direction","isPartOf":{"@id":"https:\/\/www.schweizerkmupk.ch\/#website"},"datePublished":"2023-06-15T06:07:22+00:00","dateModified":"2023-06-16T13:12:41+00:00","description":"C'est avec plaisir que nous nous pr\u00e9sentons \u00e0 vous. Vous trouverez ici des informations sur qui nous sommes, nos valeurs ainsi que sur le conseil de fondation et la direction.","inLanguage":"fr-FR","potentialAction":[{"@type":"ReadAction","target":["https:\/\/www.schweizerkmupk.ch\/fr\/direction\/"]}]},{"@type":"WebSite","@id":"https:\/\/www.schweizerkmupk.ch\/#website","url":"https:\/\/www.schweizerkmupk.ch\/","name":"Pensionskasse","description":"","potentialAction":[{"@type":"SearchAction","target":{"@type":"EntryPoint","urlTemplate":"https:\/\/www.schweizerkmupk.ch\/?s={search_term_string}"},"query-input":{"@type":"PropertyValueSpecification","valueRequired":true,"valueName":"search_term_string"}}],"inLanguage":"fr-FR"}]}},"_links":{"self":[{"href":"https:\/\/www.schweizerkmupk.ch\/fr\/wp-json\/wp\/v2\/pages\/2161","targetHints":{"allow":["GET"]}}],"collection":[{"href":"https:\/\/www.schweizerkmupk.ch\/fr\/wp-json\/wp\/v2\/pages"}],"about":[{"href":"https:\/\/www.schweizerkmupk.ch\/fr\/wp-json\/wp\/v2\/types\/page"}],"author":[{"embeddable":true,"href":"https:\/\/www.schweizerkmupk.ch\/fr\/wp-json\/wp\/v2\/users\/2"}],"replies":[{"embeddable":true,"href":"https:\/\/www.schweizerkmupk.ch\/fr\/wp-json\/wp\/v2\/comments?post=2161"}],"version-history":[{"count":2,"href":"https:\/\/www.schweizerkmupk.ch\/fr\/wp-json\/wp\/v2\/pages\/2161\/revisions"}],"predecessor-version":[{"id":2163,"href":"https:\/\/www.schweizerkmupk.ch\/fr\/wp-json\/wp\/v2\/pages\/2161\/revisions\/2163"}],"wp:attachment":[{"href":"https:\/\/www.schweizerkmupk.ch\/fr\/wp-json\/wp\/v2\/media?parent=2161"}],"curies":[{"name":"wp","href":"https:\/\/api.w.org\/{rel}","templated":true}]}}