{"id":2169,"date":"2023-06-15T08:09:35","date_gmt":"2023-06-15T06:09:35","guid":{"rendered":"https:\/\/www.schweizerkmupk.ch\/expertise-revision-und-aufsicht\/"},"modified":"2023-06-19T09:38:15","modified_gmt":"2023-06-19T07:38:15","slug":"expertise-revision-et-surveillance","status":"publish","type":"page","link":"https:\/\/www.schweizerkmupk.ch\/fr\/expertise-revision-et-surveillance\/","title":{"rendered":"Expertise, r\u00e9vision et surveillance"},"content":{"rendered":"<div class=\"wpb-content-wrapper\"><p>[vc_row equal_height=\u00a0\u00bbyes\u00a0\u00bb content_placement=\u00a0\u00bbtop\u00a0\u00bb css=\u00a0\u00bb.vc_custom_1607008906038{margin-bottom: 80px !important;}\u00a0\u00bb][vc_column][vc_column_text]<\/p>\n<h3 style=\"text-align: center;\">Expertise, r\u00e9vision et surveillance<\/h3>\n<p>[\/vc_column_text][vc_empty_space][vc_column_text]<\/p>\n<div class=\"wpb_text_column wpb_content_element \">\n<div class=\"wpb_wrapper\">\n<p><strong>Expert en pr\u00e9voyance professionnelle<\/strong><\/p>\n<\/div>\n<\/div>\n<p>[\/vc_column_text][vc_column_text]L&rsquo;expert externe en caisses de pension conseille le conseil de fondation et la direction. L&rsquo;expert calcule si la caisse de pension offre \u00e0 tout moment la garantie qu&rsquo;elle peut remplir ses obligations et v\u00e9rifie si les dispositions actuarielles sont conformes aux prescriptions l\u00e9gales.[\/vc_column_text][\/vc_column][vc_column width=\u00a0\u00bb1\/3&Prime;][vc_column_text]c-alm AG<br \/>\nNeumarkt 5<br \/>\n9000 Saint-Gall<\/p>\n<p>Responsable de mandat: Dr. Roger Baumann<\/p>\n<p><a href=\"https:\/\/www.c-alm.ch\/FR\" target=\"_blank\" rel=\"noopener\">c-alm.ch<\/a>[\/vc_column_text][\/vc_column][vc_column][vc_column_text]<\/p>\n<div class=\"wpb_text_column wpb_content_element \">\n<div class=\"wpb_wrapper\">\n<p><strong>Organe de r\u00e9vision<\/strong><\/p>\n<\/div>\n<\/div>\n<p>[\/vc_column_text][vc_column_text]L&rsquo;organe de r\u00e9vision externe v\u00e9rifie chaque ann\u00e9e la l\u00e9galit\u00e9 des comptes annuels, de la gestion et des placements.[\/vc_column_text][vc_column_text]Balmer-Etienne<br \/>\nKauffmannweg 4<br \/>\n6003 Lucerne<\/p>\n<p>R\u00e9viseur responsable: Roland Furger<\/p>\n<p><a href=\"https:\/\/balmer-etienne.ch\/\" target=\"_blank\" rel=\"noopener\">balmer-etienne.ch<\/a>[\/vc_column_text][\/vc_column][vc_column][vc_column_text]<\/p>\n<div class=\"wpb_text_column wpb_content_element \">\n<div class=\"wpb_wrapper\">\n<p><strong>Autorit\u00e9 de surveillance<\/strong><\/p>\n<\/div>\n<\/div>\n<p>[\/vc_column_text][vc_column_text]L&rsquo;autorit\u00e9 de surveillance assure la surveillance de toutes les institutions de pr\u00e9voyance du 2e pilier et veille \u00e0 ce que les prescriptions l\u00e9gales soient respect\u00e9es.[\/vc_column_text][vc_column_text]Zentralschweizer BVG- und Stiftungsaufsicht (ZBSA)<br \/>\nBundesplatz 14<br \/>\n6002 Lucerne<\/p>\n<p><a href=\"https:\/\/zbsa.ch\/\" target=\"_blank\" rel=\"noopener\">zbsa.ch<\/a>[\/vc_column_text][\/vc_column][\/vc_row][vc_column][\/vc_column]<\/p>\n<\/div>","protected":false},"excerpt":{"rendered":"<p>[vc_row equal_height=\u00a0\u00bbyes\u00a0\u00bb content_placement=\u00a0\u00bbtop\u00a0\u00bb css=\u00a0\u00bb.vc_custom_1607008906038{margin-bottom: 80px !important;}\u00a0\u00bb][vc_column][vc_column_text] Expertise, r\u00e9vision et surveillance [\/vc_column_text][vc_empty_space][vc_column_text] Expert en pr\u00e9voyance professionnelle [\/vc_column_text][vc_column_text]L&rsquo;expert externe en caisses de pension conseille le conseil de fondation et la direction. L&rsquo;expert calcule si la caisse de pension offre \u00e0 tout moment la garantie qu&rsquo;elle peut remplir ses obligations et v\u00e9rifie si les dispositions actuarielles sont conformes&hellip;<\/p>\n","protected":false},"author":2,"featured_media":0,"parent":0,"menu_order":7,"comment_status":"closed","ping_status":"closed","template":"","meta":{"footnotes":""},"class_list":["post-2169","page","type-page","status-publish","hentry","description-off"],"yoast_head":"<!-- This site is optimized with the Yoast SEO plugin v26.9 - https:\/\/yoast.com\/product\/yoast-seo-wordpress\/ -->\n<title>Schweizer KMU Pensionskasse - Expertise, r\u00e9vision et surveillace<\/title>\n<meta name=\"description\" content=\"C&#039;est avec plaisir que nous nous pr\u00e9sentons \u00e0 vous. Vous trouverez ici des informations sur qui nous sommes, nos valeurs ainsi que sur le conseil de fondation et la direction.\" \/>\n<meta name=\"robots\" content=\"index, follow, max-snippet:-1, max-image-preview:large, max-video-preview:-1\" \/>\n<link rel=\"canonical\" href=\"https:\/\/www.schweizerkmupk.ch\/fr\/expertise-revision-et-surveillance\/\" \/>\n<meta property=\"og:locale\" content=\"fr_FR\" \/>\n<meta property=\"og:type\" content=\"article\" \/>\n<meta property=\"og:title\" content=\"Schweizer KMU Pensionskasse - Expertise, r\u00e9vision et surveillace\" \/>\n<meta property=\"og:description\" content=\"C&#039;est avec plaisir que nous nous pr\u00e9sentons \u00e0 vous. Vous trouverez ici des informations sur qui nous sommes, nos valeurs ainsi que sur le conseil de fondation et la direction.\" \/>\n<meta property=\"og:url\" content=\"https:\/\/www.schweizerkmupk.ch\/fr\/expertise-revision-et-surveillance\/\" \/>\n<meta property=\"og:site_name\" content=\"Pensionskasse\" \/>\n<meta property=\"article:modified_time\" content=\"2023-06-19T07:38:15+00:00\" \/>\n<meta name=\"twitter:card\" content=\"summary_large_image\" \/>\n<meta name=\"twitter:label1\" content=\"Dur\u00e9e de lecture estim\u00e9e\" \/>\n\t<meta name=\"twitter:data1\" content=\"1 minute\" \/>\n<script type=\"application\/ld+json\" class=\"yoast-schema-graph\">{\"@context\":\"https:\/\/schema.org\",\"@graph\":[{\"@type\":\"WebPage\",\"@id\":\"https:\/\/www.schweizerkmupk.ch\/fr\/expertise-revision-et-surveillance\/\",\"url\":\"https:\/\/www.schweizerkmupk.ch\/fr\/expertise-revision-et-surveillance\/\",\"name\":\"Schweizer KMU Pensionskasse - Expertise, r\u00e9vision et surveillace\",\"isPartOf\":{\"@id\":\"https:\/\/www.schweizerkmupk.ch\/#website\"},\"datePublished\":\"2023-06-15T06:09:35+00:00\",\"dateModified\":\"2023-06-19T07:38:15+00:00\",\"description\":\"C'est avec plaisir que nous nous pr\u00e9sentons \u00e0 vous. Vous trouverez ici des informations sur qui nous sommes, nos valeurs ainsi que sur le conseil de fondation et la direction.\",\"inLanguage\":\"fr-FR\",\"potentialAction\":[{\"@type\":\"ReadAction\",\"target\":[\"https:\/\/www.schweizerkmupk.ch\/fr\/expertise-revision-et-surveillance\/\"]}]},{\"@type\":\"WebSite\",\"@id\":\"https:\/\/www.schweizerkmupk.ch\/#website\",\"url\":\"https:\/\/www.schweizerkmupk.ch\/\",\"name\":\"Pensionskasse\",\"description\":\"\",\"potentialAction\":[{\"@type\":\"SearchAction\",\"target\":{\"@type\":\"EntryPoint\",\"urlTemplate\":\"https:\/\/www.schweizerkmupk.ch\/?s={search_term_string}\"},\"query-input\":{\"@type\":\"PropertyValueSpecification\",\"valueRequired\":true,\"valueName\":\"search_term_string\"}}],\"inLanguage\":\"fr-FR\"}]}<\/script>\n<!-- \/ Yoast SEO plugin. -->","yoast_head_json":{"title":"Schweizer KMU Pensionskasse - Expertise, r\u00e9vision et surveillace","description":"C'est avec plaisir que nous nous pr\u00e9sentons \u00e0 vous. Vous trouverez ici des informations sur qui nous sommes, nos valeurs ainsi que sur le conseil de fondation et la direction.","robots":{"index":"index","follow":"follow","max-snippet":"max-snippet:-1","max-image-preview":"max-image-preview:large","max-video-preview":"max-video-preview:-1"},"canonical":"https:\/\/www.schweizerkmupk.ch\/fr\/expertise-revision-et-surveillance\/","og_locale":"fr_FR","og_type":"article","og_title":"Schweizer KMU Pensionskasse - Expertise, r\u00e9vision et surveillace","og_description":"C'est avec plaisir que nous nous pr\u00e9sentons \u00e0 vous. Vous trouverez ici des informations sur qui nous sommes, nos valeurs ainsi que sur le conseil de fondation et la direction.","og_url":"https:\/\/www.schweizerkmupk.ch\/fr\/expertise-revision-et-surveillance\/","og_site_name":"Pensionskasse","article_modified_time":"2023-06-19T07:38:15+00:00","twitter_card":"summary_large_image","twitter_misc":{"Dur\u00e9e de lecture estim\u00e9e":"1 minute"},"schema":{"@context":"https:\/\/schema.org","@graph":[{"@type":"WebPage","@id":"https:\/\/www.schweizerkmupk.ch\/fr\/expertise-revision-et-surveillance\/","url":"https:\/\/www.schweizerkmupk.ch\/fr\/expertise-revision-et-surveillance\/","name":"Schweizer KMU Pensionskasse - Expertise, r\u00e9vision et surveillace","isPartOf":{"@id":"https:\/\/www.schweizerkmupk.ch\/#website"},"datePublished":"2023-06-15T06:09:35+00:00","dateModified":"2023-06-19T07:38:15+00:00","description":"C'est avec plaisir que nous nous pr\u00e9sentons \u00e0 vous. Vous trouverez ici des informations sur qui nous sommes, nos valeurs ainsi que sur le conseil de fondation et la direction.","inLanguage":"fr-FR","potentialAction":[{"@type":"ReadAction","target":["https:\/\/www.schweizerkmupk.ch\/fr\/expertise-revision-et-surveillance\/"]}]},{"@type":"WebSite","@id":"https:\/\/www.schweizerkmupk.ch\/#website","url":"https:\/\/www.schweizerkmupk.ch\/","name":"Pensionskasse","description":"","potentialAction":[{"@type":"SearchAction","target":{"@type":"EntryPoint","urlTemplate":"https:\/\/www.schweizerkmupk.ch\/?s={search_term_string}"},"query-input":{"@type":"PropertyValueSpecification","valueRequired":true,"valueName":"search_term_string"}}],"inLanguage":"fr-FR"}]}},"_links":{"self":[{"href":"https:\/\/www.schweizerkmupk.ch\/fr\/wp-json\/wp\/v2\/pages\/2169","targetHints":{"allow":["GET"]}}],"collection":[{"href":"https:\/\/www.schweizerkmupk.ch\/fr\/wp-json\/wp\/v2\/pages"}],"about":[{"href":"https:\/\/www.schweizerkmupk.ch\/fr\/wp-json\/wp\/v2\/types\/page"}],"author":[{"embeddable":true,"href":"https:\/\/www.schweizerkmupk.ch\/fr\/wp-json\/wp\/v2\/users\/2"}],"replies":[{"embeddable":true,"href":"https:\/\/www.schweizerkmupk.ch\/fr\/wp-json\/wp\/v2\/comments?post=2169"}],"version-history":[{"count":3,"href":"https:\/\/www.schweizerkmupk.ch\/fr\/wp-json\/wp\/v2\/pages\/2169\/revisions"}],"predecessor-version":[{"id":2221,"href":"https:\/\/www.schweizerkmupk.ch\/fr\/wp-json\/wp\/v2\/pages\/2169\/revisions\/2221"}],"wp:attachment":[{"href":"https:\/\/www.schweizerkmupk.ch\/fr\/wp-json\/wp\/v2\/media?parent=2169"}],"curies":[{"name":"wp","href":"https:\/\/api.w.org\/{rel}","templated":true}]}}