{"id":443,"date":"2021-12-03T17:18:09","date_gmt":"2021-12-03T15:18:09","guid":{"rendered":"https:\/\/www.schweizerkmupk.ch\/placements\/"},"modified":"2026-02-13T13:41:41","modified_gmt":"2026-02-13T11:41:41","slug":"placements","status":"publish","type":"page","link":"https:\/\/www.schweizerkmupk.ch\/fr\/placements\/","title":{"rendered":"Placements"},"content":{"rendered":"<div class=\"wpb-content-wrapper\"><p>[vc_row][vc_column][vc_column_text]<\/p>\n<h3 style=\"text-align: center;\">Placements<\/h3>\n<p>[\/vc_column_text][\/vc_column][\/vc_row][vc_row][vc_column]<div class=\"ult-spacer spacer-69ece0a6ac8ca\" data-id=\"69ece0a6ac8ca\" data-height=\"30\" data-height-mobile=\"30\" data-height-tab=\"30\" data-height-tab-portrait=\"\" data-height-mobile-landscape=\"\" style=\"clear:both;display:block;\"><\/div>[vc_row_inner][vc_column_inner][vc_single_image image=\u00a0\u00bb2655&Prime; img_size=\u00a0\u00bb500*350&Prime; alignment=\u00a0\u00bbcenter\u00a0\u00bb onclick=\u00a0\u00bbimg_link_large\u00a0\u00bb img_link_target=\u00a0\u00bb_blank\u00a0\u00bb css=\u00a0\u00bb\u00a0\u00bb][\/vc_column_inner][\/vc_row_inner][\/vc_column][\/vc_row][vc_row][vc_column]<div class=\"ult-spacer spacer-69ece0a6ac906\" data-id=\"69ece0a6ac906\" data-height=\"30\" data-height-mobile=\"30\" data-height-tab=\"30\" data-height-tab-portrait=\"\" data-height-mobile-landscape=\"\" style=\"clear:both;display:block;\"><\/div>[\/vc_column][\/vc_row][vc_row][vc_column][vc_column_text]<\/p>\n<h4 style=\"text-align: center;\">Philosophie de placements<\/h4>\n<p>[\/vc_column_text][vc_column_text css=\u00a0\u00bb\u00a0\u00bb]Nous nous concentrons sur les placements directs durables et pond\u00e9rons fortement les valeurs de placement suisses. La stabilit\u00e9 et la performance sont nos objectifs, la qualit\u00e9 et la transparence sont nos priorit\u00e9s : nous pr\u00e9f\u00e9rons investir plut\u00f4t que de sp\u00e9culer.[\/vc_column_text][\/vc_column][\/vc_row][vc_row][vc_column width=\u00a0\u00bb11\/12&Prime;][vc_column_text]<strong>Stabilit\u00e9<\/strong><\/p>\n<ul>\n<li>Notre strat\u00e9gie de placement met l&rsquo;accent sur les valeurs d&rsquo;investissement suisses<\/li>\n<li>Priorit\u00e9 \u00e0 la qualit\u00e9 et \u00e0 la transparence<\/li>\n<li>Mettre l&rsquo;accent sur le meilleur rapport risque\/rendement<\/li>\n<\/ul>\n<p>[\/vc_column_text][vc_column_text]<strong>Qualit\u00e9<\/strong><\/p>\n<ul>\n<li>La qualit\u00e9 avant la diversification<\/li>\n<li>L&rsquo;accent sur les placements directs en Suisse<\/li>\n<li>Acheter et d\u00e9tenir des placements de la plus haute qualit\u00e9 avec moins de fluctuations de valeur<\/li>\n<\/ul>\n<p>[\/vc_column_text][vc_column_text]<strong>Transparence<\/strong><\/p>\n<ul>\n<li>Placements collectifs uniquement si les vehicules sont transparentes, id\u00e9alement participation au choix des placements<\/li>\n<li>Mandats de cat\u00e9gorie avec des gestionnaires de fortune professionnels<\/li>\n<li>Immobilier et placements alternatifs s\u00e9lectionn\u00e9s et g\u00e9r\u00e9s par la commission de placement<\/li>\n<\/ul>\n<p>[\/vc_column_text][\/vc_column][\/vc_row][vc_row][vc_column]<div class=\"ult-spacer spacer-69ece0a6ac92c\" data-id=\"69ece0a6ac92c\" data-height=\"30\" data-height-mobile=\"30\" data-height-tab=\"30\" data-height-tab-portrait=\"\" data-height-mobile-landscape=\"\" style=\"clear:both;display:block;\"><\/div>[vc_column_text]<\/p>\n<h4 style=\"text-align: center;\">Strat\u00e9gie de placements<\/h4>\n<p>[\/vc_column_text][vc_column_text css=\u00a0\u00bb\u00a0\u00bb]<\/p>\n<div class=\"wpb_text_column wpb_content_element \">\n<div class=\"wpb_wrapper\">\n<p>L&rsquo;objectif premier de la gestion du capital est la s\u00e9curit\u00e9 \u00e0 long terme de l&rsquo;augmentation des avoirs de vieillesse des assur\u00e9s. Il s&rsquo;agit d&rsquo;investir dans l&rsquo;int\u00e9r\u00eat des assur\u00e9s afin de pouvoir garantir les prestations promises en cas de vieillesse, de d\u00e9c\u00e8s et d&rsquo;invalidit\u00e9. Notre strat\u00e9gie de placement garantit que l&rsquo;\u00e9quilibre financier de la Schweizer KMU Pensionskasse est renforc\u00e9 durablement.<\/p>\n<\/div>\n<\/div>\n<div class=\"vc_row wpb_row vc_row-fluid\">\n<div class=\"wpb_column vc_column_container vc_col-sm-12\">\n<div class=\"vc_column-inner\">\n<div class=\"wpb_wrapper\"><\/div>\n<\/div>\n<\/div>\n<\/div>\n<p>[\/vc_column_text][vc_row_inner][vc_column_inner width=\u00a0\u00bb2\/3&Prime;][vc_column_text css=\u00a0\u00bb\u00a0\u00bb]<\/p>\n<div class=\"wpb_text_column wpb_content_element \">\n<div class=\"wpb_wrapper\">\n<p><strong>Minimisation des risques<\/strong><\/p>\n<ul>\n<li>Les risques de placement sont syst\u00e9matiquement \u00e9vit\u00e9s lorsqu&rsquo;ils ne sont pas indemnis\u00e9s.<\/li>\n<\/ul>\n<\/div>\n<\/div>\n<div class=\"wpb_text_column wpb_content_element \">\n<div class=\"wpb_wrapper\">\n<p><strong>Stabilit\u00e9 durable<\/strong><\/p>\n<ul>\n<li>Le risque de fluctuation est maintenu \u00e0 un niveau faible gr\u00e2ce \u00e0 une strat\u00e9gie de placement ax\u00e9e sur la valeur r\u00e9elle.<\/li>\n<\/ul>\n<\/div>\n<\/div>\n<div class=\"wpb_text_column wpb_content_element \">\n<div class=\"wpb_wrapper\">\n<p><strong>Des d\u00e9cisions prudentes<\/strong><\/p>\n<ul>\n<li>Conviction personnelle et engagement du conseil de fondation et de la commission de placement.<\/li>\n<\/ul>\n<\/div>\n<\/div>\n<p>[\/vc_column_text][\/vc_column_inner][vc_column_inner width=\u00a0\u00bb1\/3&Prime;][vc_single_image image=\u00a0\u00bb2659&Prime; img_size=\u00a0\u00bb450*350&Prime; alignment=\u00a0\u00bbcenter\u00a0\u00bb onclick=\u00a0\u00bbimg_link_large\u00a0\u00bb img_link_target=\u00a0\u00bb_blank\u00a0\u00bb css=\u00a0\u00bb\u00a0\u00bb][\/vc_column_inner][\/vc_row_inner][\/vc_column][\/vc_row]<\/p>\n<\/div>","protected":false},"excerpt":{"rendered":"<p>[vc_row][vc_column][vc_column_text] Placements [\/vc_column_text][\/vc_column][\/vc_row][vc_row][vc_column][vc_row_inner][vc_column_inner][vc_single_image image=\u00a0\u00bb2655&Prime; img_size=\u00a0\u00bb500*350&Prime; alignment=\u00a0\u00bbcenter\u00a0\u00bb onclick=\u00a0\u00bbimg_link_large\u00a0\u00bb img_link_target=\u00a0\u00bb_blank\u00a0\u00bb css=\u00a0\u00bb\u00a0\u00bb][\/vc_column_inner][\/vc_row_inner][\/vc_column][\/vc_row][vc_row][vc_column][\/vc_column][\/vc_row][vc_row][vc_column][vc_column_text] Philosophie de placements [\/vc_column_text][vc_column_text css=\u00a0\u00bb\u00a0\u00bb]Nous nous concentrons sur les placements directs durables et pond\u00e9rons fortement les valeurs de placement suisses. La stabilit\u00e9 et la performance sont nos objectifs, la qualit\u00e9 et la transparence sont nos priorit\u00e9s : nous pr\u00e9f\u00e9rons investir plut\u00f4t que de sp\u00e9culer.[\/vc_column_text][\/vc_column][\/vc_row][vc_row][vc_column width=\u00a0\u00bb11\/12&Prime;][vc_column_text]Stabilit\u00e9 Notre&hellip;<\/p>\n","protected":false},"author":2,"featured_media":0,"parent":0,"menu_order":2,"comment_status":"closed","ping_status":"closed","template":"","meta":{"footnotes":""},"class_list":["post-443","page","type-page","status-publish","hentry","description-off"],"yoast_head":"<!-- This site is optimized with the Yoast SEO plugin v26.9 - https:\/\/yoast.com\/product\/yoast-seo-wordpress\/ -->\n<title>Schweizer KMU Pensionskasse - Placements<\/title>\n<meta name=\"description\" content=\"Apprenez-en plus sur la strat\u00e9gie et la philosophie de placement de la Schweizer KMU Pensionskasse. Nous pr\u00e9f\u00e9rons investir plut\u00f4t que de sp\u00e9culer.\" \/>\n<meta name=\"robots\" content=\"index, follow, max-snippet:-1, max-image-preview:large, max-video-preview:-1\" \/>\n<link rel=\"canonical\" href=\"https:\/\/www.schweizerkmupk.ch\/fr\/placements\/\" \/>\n<meta property=\"og:locale\" content=\"fr_FR\" \/>\n<meta property=\"og:type\" content=\"article\" \/>\n<meta property=\"og:title\" content=\"Schweizer KMU Pensionskasse - Placements\" \/>\n<meta property=\"og:description\" content=\"Apprenez-en plus sur la strat\u00e9gie et la philosophie de placement de la Schweizer KMU Pensionskasse. Nous pr\u00e9f\u00e9rons investir plut\u00f4t que de sp\u00e9culer.\" \/>\n<meta property=\"og:url\" content=\"https:\/\/www.schweizerkmupk.ch\/fr\/placements\/\" \/>\n<meta property=\"og:site_name\" content=\"Pensionskasse\" \/>\n<meta property=\"article:modified_time\" content=\"2026-02-13T11:41:41+00:00\" \/>\n<meta name=\"twitter:card\" content=\"summary_large_image\" \/>\n<meta name=\"twitter:label1\" content=\"Dur\u00e9e de lecture estim\u00e9e\" \/>\n\t<meta name=\"twitter:data1\" content=\"2 minutes\" \/>\n<script type=\"application\/ld+json\" class=\"yoast-schema-graph\">{\"@context\":\"https:\/\/schema.org\",\"@graph\":[{\"@type\":\"WebPage\",\"@id\":\"https:\/\/www.schweizerkmupk.ch\/fr\/placements\/\",\"url\":\"https:\/\/www.schweizerkmupk.ch\/fr\/placements\/\",\"name\":\"Schweizer KMU Pensionskasse - Placements\",\"isPartOf\":{\"@id\":\"https:\/\/www.schweizerkmupk.ch\/#website\"},\"datePublished\":\"2021-12-03T15:18:09+00:00\",\"dateModified\":\"2026-02-13T11:41:41+00:00\",\"description\":\"Apprenez-en plus sur la strat\u00e9gie et la philosophie de placement de la Schweizer KMU Pensionskasse. Nous pr\u00e9f\u00e9rons investir plut\u00f4t que de sp\u00e9culer.\",\"inLanguage\":\"fr-FR\",\"potentialAction\":[{\"@type\":\"ReadAction\",\"target\":[\"https:\/\/www.schweizerkmupk.ch\/fr\/placements\/\"]}]},{\"@type\":\"WebSite\",\"@id\":\"https:\/\/www.schweizerkmupk.ch\/#website\",\"url\":\"https:\/\/www.schweizerkmupk.ch\/\",\"name\":\"Pensionskasse\",\"description\":\"\",\"potentialAction\":[{\"@type\":\"SearchAction\",\"target\":{\"@type\":\"EntryPoint\",\"urlTemplate\":\"https:\/\/www.schweizerkmupk.ch\/?s={search_term_string}\"},\"query-input\":{\"@type\":\"PropertyValueSpecification\",\"valueRequired\":true,\"valueName\":\"search_term_string\"}}],\"inLanguage\":\"fr-FR\"}]}<\/script>\n<!-- \/ Yoast SEO plugin. -->","yoast_head_json":{"title":"Schweizer KMU Pensionskasse - Placements","description":"Apprenez-en plus sur la strat\u00e9gie et la philosophie de placement de la Schweizer KMU Pensionskasse. Nous pr\u00e9f\u00e9rons investir plut\u00f4t que de sp\u00e9culer.","robots":{"index":"index","follow":"follow","max-snippet":"max-snippet:-1","max-image-preview":"max-image-preview:large","max-video-preview":"max-video-preview:-1"},"canonical":"https:\/\/www.schweizerkmupk.ch\/fr\/placements\/","og_locale":"fr_FR","og_type":"article","og_title":"Schweizer KMU Pensionskasse - Placements","og_description":"Apprenez-en plus sur la strat\u00e9gie et la philosophie de placement de la Schweizer KMU Pensionskasse. Nous pr\u00e9f\u00e9rons investir plut\u00f4t que de sp\u00e9culer.","og_url":"https:\/\/www.schweizerkmupk.ch\/fr\/placements\/","og_site_name":"Pensionskasse","article_modified_time":"2026-02-13T11:41:41+00:00","twitter_card":"summary_large_image","twitter_misc":{"Dur\u00e9e de lecture estim\u00e9e":"2 minutes"},"schema":{"@context":"https:\/\/schema.org","@graph":[{"@type":"WebPage","@id":"https:\/\/www.schweizerkmupk.ch\/fr\/placements\/","url":"https:\/\/www.schweizerkmupk.ch\/fr\/placements\/","name":"Schweizer KMU Pensionskasse - Placements","isPartOf":{"@id":"https:\/\/www.schweizerkmupk.ch\/#website"},"datePublished":"2021-12-03T15:18:09+00:00","dateModified":"2026-02-13T11:41:41+00:00","description":"Apprenez-en plus sur la strat\u00e9gie et la philosophie de placement de la Schweizer KMU Pensionskasse. Nous pr\u00e9f\u00e9rons investir plut\u00f4t que de sp\u00e9culer.","inLanguage":"fr-FR","potentialAction":[{"@type":"ReadAction","target":["https:\/\/www.schweizerkmupk.ch\/fr\/placements\/"]}]},{"@type":"WebSite","@id":"https:\/\/www.schweizerkmupk.ch\/#website","url":"https:\/\/www.schweizerkmupk.ch\/","name":"Pensionskasse","description":"","potentialAction":[{"@type":"SearchAction","target":{"@type":"EntryPoint","urlTemplate":"https:\/\/www.schweizerkmupk.ch\/?s={search_term_string}"},"query-input":{"@type":"PropertyValueSpecification","valueRequired":true,"valueName":"search_term_string"}}],"inLanguage":"fr-FR"}]}},"_links":{"self":[{"href":"https:\/\/www.schweizerkmupk.ch\/fr\/wp-json\/wp\/v2\/pages\/443","targetHints":{"allow":["GET"]}}],"collection":[{"href":"https:\/\/www.schweizerkmupk.ch\/fr\/wp-json\/wp\/v2\/pages"}],"about":[{"href":"https:\/\/www.schweizerkmupk.ch\/fr\/wp-json\/wp\/v2\/types\/page"}],"author":[{"embeddable":true,"href":"https:\/\/www.schweizerkmupk.ch\/fr\/wp-json\/wp\/v2\/users\/2"}],"replies":[{"embeddable":true,"href":"https:\/\/www.schweizerkmupk.ch\/fr\/wp-json\/wp\/v2\/comments?post=443"}],"version-history":[{"count":13,"href":"https:\/\/www.schweizerkmupk.ch\/fr\/wp-json\/wp\/v2\/pages\/443\/revisions"}],"predecessor-version":[{"id":2672,"href":"https:\/\/www.schweizerkmupk.ch\/fr\/wp-json\/wp\/v2\/pages\/443\/revisions\/2672"}],"wp:attachment":[{"href":"https:\/\/www.schweizerkmupk.ch\/fr\/wp-json\/wp\/v2\/media?parent=443"}],"curies":[{"name":"wp","href":"https:\/\/api.w.org\/{rel}","templated":true}]}}