{"id":560,"date":"2020-12-11T14:48:33","date_gmt":"2020-12-11T12:48:33","guid":{"rendered":"https:\/\/www.schweizerkmupk.ch\/impressum\/"},"modified":"2022-10-21T13:21:56","modified_gmt":"2022-10-21T11:21:56","slug":"impressum","status":"publish","type":"page","link":"https:\/\/www.schweizerkmupk.ch\/fr\/impressum\/","title":{"rendered":"Impressum"},"content":{"rendered":"<div class=\"wpb-content-wrapper\"><p>[vc_row][vc_column]<div class=\"ult-spacer spacer-69ece0a8a7c9f\" data-id=\"69ece0a8a7c9f\" data-height=\"50\" data-height-mobile=\"50\" data-height-tab=\"\" data-height-tab-portrait=\"50\" data-height-mobile-landscape=\"\" style=\"clear:both;display:block;\"><\/div>[\/vc_column][\/vc_row][vc_row][vc_column][vc_column_text]<\/p>\n<h2>RESPONSABLE DU CONTENU :<\/h2>\n<p>Schweizer KMU Pensionskasse<br \/>\nc\/o Safe Future Management AG<br \/>\nW\u00e4chlenstrasse 13<br \/>\n8832 Wollerau<\/p>\n<p><strong>E-Mail:<\/strong> <a href=\"mailto:info@safefuture.ch\">info@safefuture.ch<\/a><\/p>\n<p>&nbsp;<\/p>\n<h2>R\u00c9ALISATION ::<\/h2>\n<p>&nbsp;<\/p>\n<p><img loading=\"lazy\" decoding=\"async\" class=\"alignnone wp-image-679 ls-is-cached lazyloaded\" src=\"https:\/\/www.gartenbau-schoenenberger.ch\/wp-content\/uploads\/2020\/04\/190121_GLAU_Artwork_Logo_1200px_187px_RGB_Red-1024x160-1-300x47.jpg\" sizes=\"auto, (max-width: 249px) 100vw, 249px\" srcset=\"https:\/\/www.gartenbau-schoenenberger.ch\/wp-content\/uploads\/2020\/04\/190121_GLAU_Artwork_Logo_1200px_187px_RGB_Red-1024x160-1-300x47.jpg 300w, https:\/\/www.gartenbau-schoenenberger.ch\/wp-content\/uploads\/2020\/04\/190121_GLAU_Artwork_Logo_1200px_187px_RGB_Red-1024x160-1-768x120.jpg 768w, https:\/\/www.gartenbau-schoenenberger.ch\/wp-content\/uploads\/2020\/04\/190121_GLAU_Artwork_Logo_1200px_187px_RGB_Red-1024x160-1.jpg 1024w\" alt=\"\" width=\"249\" height=\"39\" data-srcset=\"https:\/\/www.gartenbau-schoenenberger.ch\/wp-content\/uploads\/2020\/04\/190121_GLAU_Artwork_Logo_1200px_187px_RGB_Red-1024x160-1-300x47.jpg 300w, https:\/\/www.gartenbau-schoenenberger.ch\/wp-content\/uploads\/2020\/04\/190121_GLAU_Artwork_Logo_1200px_187px_RGB_Red-1024x160-1-768x120.jpg 768w, https:\/\/www.gartenbau-schoenenberger.ch\/wp-content\/uploads\/2020\/04\/190121_GLAU_Artwork_Logo_1200px_187px_RGB_Red-1024x160-1.jpg 1024w\" data-src=\"https:\/\/www.gartenbau-schoenenberger.ch\/wp-content\/uploads\/2020\/04\/190121_GLAU_Artwork_Logo_1200px_187px_RGB_Red-1024x160-1-300x47.jpg\"><\/p>\n<p>GLA United GmbH<br \/>\nSchochenm\u00fchlestrasse 6<br \/>\n6340 Baar<\/p>\n<p><strong>T\u00e9l\u00e9phone:<\/strong> <a href=\"tel:+41%2041%20763%2012%2094\">+41 41 763 12 94<\/a><br \/>\n<strong>Email: <\/strong><a href=\"mailto:ch@gla-united.com\">ch@gla-united.com<\/a><\/p>\n<p>&nbsp;<\/p>\n<h3>GARANTIE<\/h3>\n<p>Nous nous effor\u00e7ons de fournir des informations aussi correctes et actuelles que possible. Les contenus ont \u00e9t\u00e9 \u00e9labor\u00e9s avec soin. Des erreurs peuvent n\u00e9anmoins survenir. Les auteurs et les \u00e9diteurs n&rsquo;assument aucune garantie ni responsabilit\u00e9 quant \u00e0 l&rsquo;exactitude, la fiabilit\u00e9, l&rsquo;exhaustivit\u00e9 et l&rsquo;actualit\u00e9 des informations. L&rsquo;utilisation du site web et des informations qu&rsquo;il contient se fait aux risques et p\u00e9rils de l&rsquo;utilisateur. Des modifications peuvent \u00eatre apport\u00e9es \u00e0 tout moment.<\/p>\n<h3>COOKIES<\/h3>\n<p>Ce site web utilise des cookies. Les cookies sont de petits fichiers texte qui sont enregistr\u00e9s de mani\u00e8re permanente ou temporaire dans votre ordinateur lorsque vous visitez ce site web. L&rsquo;objectif des cookies est notamment d&rsquo;analyser l&rsquo;utilisation de ce site web \u00e0 des fins d&rsquo;\u00e9valuation statistique et d&rsquo;am\u00e9lioration continue. Vous pouvez \u00e0 tout moment d\u00e9sactiver tout ou partie des cookies dans les param\u00e8tres de votre navigateur. Si les cookies sont d\u00e9sactiv\u00e9s, il se peut que vous ne disposiez plus de toutes les fonctions de ce site web.<\/p>\n<h3>Exclusion de responsabilit\u00e9<\/h3>\n<p>L&rsquo;auteur n&rsquo;assume aucune garantie quant \u00e0 l&rsquo;exactitude, la pr\u00e9cision, l&rsquo;actualit\u00e9, la fiabilit\u00e9 et l&rsquo;exhaustivit\u00e9 du contenu des informations. L&rsquo;auteur ne saurait \u00eatre tenu pour responsable des dommages mat\u00e9riels ou immat\u00e9riels qui pourraient \u00eatre caus\u00e9s par l&rsquo;acc\u00e8s aux informations diffus\u00e9es ou par leur utilisation ou non-utilisation, par le mauvais usage de la connexion ou par des probl\u00e8mes techniques. Toutes les offres sont sans engagement. L&rsquo;auteur se r\u00e9serve express\u00e9ment le droit de modifier, de compl\u00e9ter ou de supprimer des parties de pages ou l&rsquo;ensemble de l&rsquo;offre sans avis pr\u00e9alable, ou d&rsquo;en suspendre temporairement ou d\u00e9finitivement la publication.<\/p>\n<h3>Responsabilit\u00e9 pour les liens<\/h3>\n<p>Les renvois et liens vers des sites web de tiers ne rel\u00e8vent pas de notre responsabilit\u00e9. Nous d\u00e9clinons toute responsabilit\u00e9 pour de tels sites web. L&rsquo;acc\u00e8s \u00e0 de tels sites et leur utilisation se font aux risques et p\u00e9rils de l&rsquo;utilisateur ou de l&rsquo;utilisatrice.<\/p>\n<h3>Droits d&rsquo;auteur<\/h3>\n<p>Les droits d&rsquo;auteur et tous les autres droits relatifs aux contenus, images, photos ou autres fichiers pr\u00e9sents sur le site Internet appartiennent exclusivement \u00e0 la soci\u00e9t\u00e9 Schweizer KMU Pensionskasse ou aux titulaires de droits sp\u00e9cialement cit\u00e9s. Pour la reproduction de tout \u00e9l\u00e9ment, l&rsquo;accord \u00e9crit des d\u00e9tenteurs des droits d&rsquo;auteur doit \u00eatre obtenu au pr\u00e9alable.<\/p>\n<h3>R\u00e8glement extrajudiciaire des litiges<\/h3>\n<p>Vous trouverez la plate-forme de la Commission europ\u00e9enne pour le r\u00e8glement extrajudiciaire des litiges en ligne (plate-forme OS) sous :<a href=\"http:\/\/ec.europa.eu\/consumers\/odr\" target=\"_blank\" rel=\"noopener noreferrer\">http:\/\/ec.europa.eu\/consumers\/odr<\/a>[\/vc_column_text][\/vc_column][\/vc_row]<\/p>\n<\/div>","protected":false},"excerpt":{"rendered":"<p>[vc_row][vc_column][\/vc_column][\/vc_row][vc_row][vc_column][vc_column_text] RESPONSABLE DU CONTENU : Schweizer KMU Pensionskasse c\/o Safe Future Management AG W\u00e4chlenstrasse 13 8832 Wollerau E-Mail: info@safefuture.ch &nbsp; R\u00c9ALISATION :: &nbsp; GLA United GmbH Schochenm\u00fchlestrasse 6 6340 Baar T\u00e9l\u00e9phone: +41 41 763 12 94 Email: ch@gla-united.com &nbsp; GARANTIE Nous nous effor\u00e7ons de fournir des informations aussi correctes et actuelles que possible. Les contenus&hellip;<\/p>\n","protected":false},"author":1,"featured_media":0,"parent":0,"menu_order":13,"comment_status":"closed","ping_status":"closed","template":"","meta":{"footnotes":""},"class_list":["post-560","page","type-page","status-publish","hentry","description-off"],"yoast_head":"<!-- This site is optimized with the Yoast SEO plugin v26.9 - https:\/\/yoast.com\/product\/yoast-seo-wordpress\/ -->\n<title>Schweizer KMU Pensionskasse - n&#039;h\u00e9sitez pas \u00e0 nous contacter!<\/title>\n<meta name=\"description\" content=\"Vous voulez en savoir plus sur notre nouvelle caisse de pension ? Nous nous tenons \u00e0 votre disposition, n&#039;h\u00e9sitez pas \u00e0 nous contacter!\" \/>\n<meta name=\"robots\" content=\"index, follow, max-snippet:-1, max-image-preview:large, max-video-preview:-1\" \/>\n<link rel=\"canonical\" href=\"https:\/\/www.schweizerkmupk.ch\/fr\/impressum\/\" \/>\n<meta property=\"og:locale\" content=\"fr_FR\" \/>\n<meta property=\"og:type\" content=\"article\" \/>\n<meta property=\"og:title\" content=\"Schweizer KMU Pensionskasse - n&#039;h\u00e9sitez pas \u00e0 nous contacter!\" \/>\n<meta property=\"og:description\" content=\"Vous voulez en savoir plus sur notre nouvelle caisse de pension ? Nous nous tenons \u00e0 votre disposition, n&#039;h\u00e9sitez pas \u00e0 nous contacter!\" \/>\n<meta property=\"og:url\" content=\"https:\/\/www.schweizerkmupk.ch\/fr\/impressum\/\" \/>\n<meta property=\"og:site_name\" content=\"Pensionskasse\" \/>\n<meta property=\"article:modified_time\" content=\"2022-10-21T11:21:56+00:00\" \/>\n<meta property=\"og:image\" content=\"https:\/\/www.gartenbau-schoenenberger.ch\/wp-content\/uploads\/2020\/04\/190121_GLAU_Artwork_Logo_1200px_187px_RGB_Red-1024x160-1-300x47.jpg\" \/>\n<meta name=\"twitter:card\" content=\"summary_large_image\" \/>\n<meta name=\"twitter:label1\" content=\"Dur\u00e9e de lecture estim\u00e9e\" \/>\n\t<meta name=\"twitter:data1\" content=\"2 minutes\" \/>\n<script type=\"application\/ld+json\" class=\"yoast-schema-graph\">{\"@context\":\"https:\/\/schema.org\",\"@graph\":[{\"@type\":\"WebPage\",\"@id\":\"https:\/\/www.schweizerkmupk.ch\/fr\/impressum\/\",\"url\":\"https:\/\/www.schweizerkmupk.ch\/fr\/impressum\/\",\"name\":\"Schweizer KMU Pensionskasse - n'h\u00e9sitez pas \u00e0 nous contacter!\",\"isPartOf\":{\"@id\":\"https:\/\/www.schweizerkmupk.ch\/#website\"},\"primaryImageOfPage\":{\"@id\":\"https:\/\/www.schweizerkmupk.ch\/fr\/impressum\/#primaryimage\"},\"image\":{\"@id\":\"https:\/\/www.schweizerkmupk.ch\/fr\/impressum\/#primaryimage\"},\"thumbnailUrl\":\"https:\/\/www.gartenbau-schoenenberger.ch\/wp-content\/uploads\/2020\/04\/190121_GLAU_Artwork_Logo_1200px_187px_RGB_Red-1024x160-1-300x47.jpg\",\"datePublished\":\"2020-12-11T12:48:33+00:00\",\"dateModified\":\"2022-10-21T11:21:56+00:00\",\"description\":\"Vous voulez en savoir plus sur notre nouvelle caisse de pension ? Nous nous tenons \u00e0 votre disposition, n'h\u00e9sitez pas \u00e0 nous contacter!\",\"inLanguage\":\"fr-FR\",\"potentialAction\":[{\"@type\":\"ReadAction\",\"target\":[\"https:\/\/www.schweizerkmupk.ch\/fr\/impressum\/\"]}]},{\"@type\":\"ImageObject\",\"inLanguage\":\"fr-FR\",\"@id\":\"https:\/\/www.schweizerkmupk.ch\/fr\/impressum\/#primaryimage\",\"url\":\"https:\/\/www.gartenbau-schoenenberger.ch\/wp-content\/uploads\/2020\/04\/190121_GLAU_Artwork_Logo_1200px_187px_RGB_Red-1024x160-1-300x47.jpg\",\"contentUrl\":\"https:\/\/www.gartenbau-schoenenberger.ch\/wp-content\/uploads\/2020\/04\/190121_GLAU_Artwork_Logo_1200px_187px_RGB_Red-1024x160-1-300x47.jpg\"},{\"@type\":\"WebSite\",\"@id\":\"https:\/\/www.schweizerkmupk.ch\/#website\",\"url\":\"https:\/\/www.schweizerkmupk.ch\/\",\"name\":\"Pensionskasse\",\"description\":\"\",\"potentialAction\":[{\"@type\":\"SearchAction\",\"target\":{\"@type\":\"EntryPoint\",\"urlTemplate\":\"https:\/\/www.schweizerkmupk.ch\/?s={search_term_string}\"},\"query-input\":{\"@type\":\"PropertyValueSpecification\",\"valueRequired\":true,\"valueName\":\"search_term_string\"}}],\"inLanguage\":\"fr-FR\"}]}<\/script>\n<!-- \/ Yoast SEO plugin. -->","yoast_head_json":{"title":"Schweizer KMU Pensionskasse - n'h\u00e9sitez pas \u00e0 nous contacter!","description":"Vous voulez en savoir plus sur notre nouvelle caisse de pension ? Nous nous tenons \u00e0 votre disposition, n'h\u00e9sitez pas \u00e0 nous contacter!","robots":{"index":"index","follow":"follow","max-snippet":"max-snippet:-1","max-image-preview":"max-image-preview:large","max-video-preview":"max-video-preview:-1"},"canonical":"https:\/\/www.schweizerkmupk.ch\/fr\/impressum\/","og_locale":"fr_FR","og_type":"article","og_title":"Schweizer KMU Pensionskasse - n'h\u00e9sitez pas \u00e0 nous contacter!","og_description":"Vous voulez en savoir plus sur notre nouvelle caisse de pension ? Nous nous tenons \u00e0 votre disposition, n'h\u00e9sitez pas \u00e0 nous contacter!","og_url":"https:\/\/www.schweizerkmupk.ch\/fr\/impressum\/","og_site_name":"Pensionskasse","article_modified_time":"2022-10-21T11:21:56+00:00","og_image":[{"url":"https:\/\/www.gartenbau-schoenenberger.ch\/wp-content\/uploads\/2020\/04\/190121_GLAU_Artwork_Logo_1200px_187px_RGB_Red-1024x160-1-300x47.jpg","type":"","width":"","height":""}],"twitter_card":"summary_large_image","twitter_misc":{"Dur\u00e9e de lecture estim\u00e9e":"2 minutes"},"schema":{"@context":"https:\/\/schema.org","@graph":[{"@type":"WebPage","@id":"https:\/\/www.schweizerkmupk.ch\/fr\/impressum\/","url":"https:\/\/www.schweizerkmupk.ch\/fr\/impressum\/","name":"Schweizer KMU Pensionskasse - n'h\u00e9sitez pas \u00e0 nous contacter!","isPartOf":{"@id":"https:\/\/www.schweizerkmupk.ch\/#website"},"primaryImageOfPage":{"@id":"https:\/\/www.schweizerkmupk.ch\/fr\/impressum\/#primaryimage"},"image":{"@id":"https:\/\/www.schweizerkmupk.ch\/fr\/impressum\/#primaryimage"},"thumbnailUrl":"https:\/\/www.gartenbau-schoenenberger.ch\/wp-content\/uploads\/2020\/04\/190121_GLAU_Artwork_Logo_1200px_187px_RGB_Red-1024x160-1-300x47.jpg","datePublished":"2020-12-11T12:48:33+00:00","dateModified":"2022-10-21T11:21:56+00:00","description":"Vous voulez en savoir plus sur notre nouvelle caisse de pension ? Nous nous tenons \u00e0 votre disposition, n'h\u00e9sitez pas \u00e0 nous contacter!","inLanguage":"fr-FR","potentialAction":[{"@type":"ReadAction","target":["https:\/\/www.schweizerkmupk.ch\/fr\/impressum\/"]}]},{"@type":"ImageObject","inLanguage":"fr-FR","@id":"https:\/\/www.schweizerkmupk.ch\/fr\/impressum\/#primaryimage","url":"https:\/\/www.gartenbau-schoenenberger.ch\/wp-content\/uploads\/2020\/04\/190121_GLAU_Artwork_Logo_1200px_187px_RGB_Red-1024x160-1-300x47.jpg","contentUrl":"https:\/\/www.gartenbau-schoenenberger.ch\/wp-content\/uploads\/2020\/04\/190121_GLAU_Artwork_Logo_1200px_187px_RGB_Red-1024x160-1-300x47.jpg"},{"@type":"WebSite","@id":"https:\/\/www.schweizerkmupk.ch\/#website","url":"https:\/\/www.schweizerkmupk.ch\/","name":"Pensionskasse","description":"","potentialAction":[{"@type":"SearchAction","target":{"@type":"EntryPoint","urlTemplate":"https:\/\/www.schweizerkmupk.ch\/?s={search_term_string}"},"query-input":{"@type":"PropertyValueSpecification","valueRequired":true,"valueName":"search_term_string"}}],"inLanguage":"fr-FR"}]}},"_links":{"self":[{"href":"https:\/\/www.schweizerkmupk.ch\/fr\/wp-json\/wp\/v2\/pages\/560","targetHints":{"allow":["GET"]}}],"collection":[{"href":"https:\/\/www.schweizerkmupk.ch\/fr\/wp-json\/wp\/v2\/pages"}],"about":[{"href":"https:\/\/www.schweizerkmupk.ch\/fr\/wp-json\/wp\/v2\/types\/page"}],"author":[{"embeddable":true,"href":"https:\/\/www.schweizerkmupk.ch\/fr\/wp-json\/wp\/v2\/users\/1"}],"replies":[{"embeddable":true,"href":"https:\/\/www.schweizerkmupk.ch\/fr\/wp-json\/wp\/v2\/comments?post=560"}],"version-history":[{"count":2,"href":"https:\/\/www.schweizerkmupk.ch\/fr\/wp-json\/wp\/v2\/pages\/560\/revisions"}],"predecessor-version":[{"id":739,"href":"https:\/\/www.schweizerkmupk.ch\/fr\/wp-json\/wp\/v2\/pages\/560\/revisions\/739"}],"wp:attachment":[{"href":"https:\/\/www.schweizerkmupk.ch\/fr\/wp-json\/wp\/v2\/media?parent=560"}],"curies":[{"name":"wp","href":"https:\/\/api.w.org\/{rel}","templated":true}]}}