{"id":688,"date":"2022-05-30T10:39:52","date_gmt":"2022-05-30T08:39:52","guid":{"rendered":"https:\/\/www.schweizerkmupk.ch\/?page_id=688"},"modified":"2026-02-13T13:31:47","modified_gmt":"2026-02-13T11:31:47","slug":"chiffres-cles","status":"publish","type":"page","link":"https:\/\/www.schweizerkmupk.ch\/fr\/chiffres-cles\/","title":{"rendered":"Chiffres cl\u00e9s"},"content":{"rendered":"<div class=\"wpb-content-wrapper\"><p>[vc_row][vc_column][vc_column_text]<\/p>\n<h3 style=\"text-align: center;\">Notre chiffres cl\u00e9s<\/h3>\n<p>[\/vc_column_text][\/vc_column][\/vc_row][vc_row equal_height=\u00a0\u00bbyes\u00a0\u00bb content_placement=\u00a0\u00bbtop\u00a0\u00bb css=\u00a0\u00bb.vc_custom_1686839774934{margin-bottom: 80px !important;}\u00a0\u00bb][vc_column][vc_column_text css=\u00a0\u00bb\u00a0\u00bb]<strong>Marche des affaires actuelle<\/strong><\/p>\n<p>Malgr\u00e9 les incertitudes et la volatilit\u00e9 accrue sur les march\u00e9s financiers, la Schweizer KMU Pensionskasse a r\u00e9alis\u00e9 en 2025 une performance de placement de 7,0 %, sup\u00e9rieure \u00e0 celle du march\u00e9, gr\u00e2ce \u00e0 sa strat\u00e9gie de placement \u00e9prouv\u00e9e. Avec un taux de couverture solide de 105 %, la base financi\u00e8re de la caisse de pension a pu \u00eatre encore renforc\u00e9e.<\/p>\n<p><strong>Situation actuelle<\/strong><\/p>\n<p>Gr\u00e2ce \u00e0 la forte progression des actions suisses, la Schweizer KMU Pensionskasse a bien d\u00e9marr\u00e9 l&rsquo;ann\u00e9e 2026. La surpond\u00e9ration cibl\u00e9e des titres \u00e0 petite et moyenne capitalisation a permis jusqu&rsquo;\u00e0 pr\u00e9sent (au 10 f\u00e9vrier 2026) de nettement d\u00e9passer l&rsquo;indice de r\u00e9f\u00e9rence..[\/vc_column_text][\/vc_column][\/vc_row][vc_row equal_height=\u00a0\u00bbyes\u00a0\u00bb content_placement=\u00a0\u00bbtop\u00a0\u00bb css=\u00a0\u00bb.vc_custom_1686839542619{margin-bottom: 80px !important;}\u00a0\u00bb][vc_column][vc_column_text]<\/p>\n<h3 style=\"text-align: center;\">En bref<\/h3>\n<p>[\/vc_column_text][vc_column_text css=\u00a0\u00bb\u00a0\u00bb]<\/p>\n<table width=\"797\">\n<tbody>\n<tr>\n<td width=\"133\"><\/td>\n<td width=\"130\"><strong>2025<\/strong><\/td>\n<td width=\"130\"><strong>2024<\/strong><\/td>\n<td width=\"130\"><strong>2023<\/strong><\/td>\n<td width=\"130\"><strong>2022<\/strong><\/td>\n<td width=\"129\"><strong>2021<\/strong><\/td>\n<\/tr>\n<tr>\n<td width=\"133\"><strong>Assur\u00e9s actifs<\/strong><\/td>\n<td width=\"130\">1&rsquo;554<\/td>\n<td width=\"130\">1\u2019468<\/td>\n<td width=\"130\">1&rsquo;477<\/td>\n<td width=\"130\">1\u2018457<\/td>\n<td width=\"129\">438<\/td>\n<\/tr>\n<tr>\n<td width=\"133\"><strong>Retrait\u00e9s<\/strong><\/td>\n<td width=\"130\">267<\/td>\n<td width=\"130\">260<\/td>\n<td width=\"130\">244<\/td>\n<td width=\"130\">231<\/td>\n<td width=\"129\">142<\/td>\n<\/tr>\n<tr>\n<td width=\"133\"><strong>Entreprises affili\u00e9es<\/strong><\/td>\n<td width=\"130\">54<\/td>\n<td width=\"130\">53<\/td>\n<td width=\"130\">49<\/td>\n<td width=\"130\">50<\/td>\n<td width=\"129\">29<\/td>\n<\/tr>\n<tr>\n<td width=\"133\"><strong>Degr\u00e9 de couverture<\/strong><\/td>\n<td width=\"130\">105.0%<\/td>\n<td width=\"130\">100.2%<\/td>\n<td width=\"130\">98.5%<\/td>\n<td width=\"130\">93.4%<\/td>\n<td width=\"129\">110.4%<\/td>\n<\/tr>\n<tr>\n<td width=\"133\"><strong>Performance<\/strong><\/td>\n<td width=\"130\">7.0%<\/td>\n<td width=\"130\">3.2%<\/td>\n<td width=\"130\">6.1%<\/td>\n<td width=\"130\">-11.0%<\/td>\n<td width=\"129\">16.3%<\/td>\n<\/tr>\n<tr>\n<td width=\"133\"><strong>R\u00e9mun\u00e9ration de l\u2019avoir de vieillesse<\/strong><\/td>\n<td width=\"130\">1.75% (enveloppant)<\/td>\n<td width=\"130\">1.25% (enveloppant)<\/td>\n<td width=\"130\">1.0% (enveloppant)<\/td>\n<td width=\"130\">1.0% (part LPP)<\/td>\n<td width=\"129\">3.0% (enveloppant)<\/td>\n<\/tr>\n<tr>\n<td width=\"133\"><strong>Int\u00e9r\u00eat technique \/ Base<\/strong><\/td>\n<td width=\"130\">2.0% \/<br \/>\nTable de g\u00e9n\u00e9ration<\/td>\n<td width=\"130\">2.0% \/<br \/>\nTable de g\u00e9n\u00e9ration<\/td>\n<td width=\"130\">2.0% \/<br \/>\nTable de g\u00e9n\u00e9ration<\/td>\n<td width=\"130\">2.0% \/<br \/>\nTable de g\u00e9n\u00e9ration<\/td>\n<td width=\"129\">1.5% \/<br \/>\nTable de g\u00e9n\u00e9ration<\/td>\n<\/tr>\n<tr>\n<td width=\"133\"><strong>Somme du bilan<\/strong><\/td>\n<td width=\"130\">308.8 Mio<\/td>\n<td width=\"130\">278.5 Mio<\/td>\n<td width=\"130\">\u00a0265.4 Mio<\/td>\n<td width=\"130\">244.8 Mio<\/td>\n<td width=\"129\">93.3 Mio<\/td>\n<\/tr>\n<tr>\n<td width=\"133\"><strong>Ratio actifs \/ retrait\u00e9s<\/strong><\/td>\n<td width=\"130\">5.82<\/td>\n<td width=\"130\">5.65<\/td>\n<td width=\"130\">6.30<\/td>\n<td width=\"130\">6.50<\/td>\n<td width=\"129\">3.05<\/td>\n<\/tr>\n<\/tbody>\n<\/table>\n<p>[\/vc_column_text]<div class=\"ult-spacer spacer-69ecdc32d37bf\" data-id=\"69ecdc32d37bf\" data-height=\"50\" data-height-mobile=\"50\" data-height-tab=\"50\" data-height-tab-portrait=\"\" data-height-mobile-landscape=\"\" style=\"clear:both;display:block;\"><\/div>[\/vc_column][\/vc_row][vc_row equal_height=\u00a0\u00bbyes\u00a0\u00bb content_placement=\u00a0\u00bbtop\u00a0\u00bb css=\u00a0\u00bb.vc_custom_1686839542619{margin-bottom: 80px !important;}\u00a0\u00bb][vc_column][vc_column_text]<\/p>\n<h3 style=\"text-align: center;\">Taux de conversion<\/h3>\n<p>[\/vc_column_text][vc_column_text css=\u00a0\u00bb\u00a0\u00bb]<\/p>\n<table>\n<tbody>\n<tr>\n<td colspan=\"8\" width=\"962\">R\u00e9duction progressive jusqu\u2019en 2028 ; \u00e0 partir de 2028 5.20%<\/td>\n<\/tr>\n<tr>\n<td width=\"120\"><strong>Ann\u00e9e de retraite<\/strong><\/td>\n<td width=\"120\">2026<\/td>\n<td width=\"120\">2027<\/td>\n<td width=\"120\">2028<\/td>\n<td width=\"120\">2029<\/td>\n<td width=\"120\"><\/td>\n<td width=\"120\"><\/td>\n<td width=\"120\"><\/td>\n<\/tr>\n<tr>\n<td width=\"120\"><strong>\u00c2ge 65<\/strong><\/td>\n<td width=\"120\">5.40%<\/td>\n<td width=\"120\">5.30%<\/td>\n<td width=\"120\">5.20%<\/td>\n<td width=\"120\">5.20%<\/td>\n<td width=\"120\"><\/td>\n<td width=\"120\"><\/td>\n<td width=\"120\"><\/td>\n<\/tr>\n<\/tbody>\n<\/table>\n<p>[\/vc_column_text][\/vc_column][\/vc_row][vc_column][\/vc_column]<\/p>\n<\/div>","protected":false},"excerpt":{"rendered":"<p>[vc_row][vc_column][vc_column_text] Notre chiffres cl\u00e9s [\/vc_column_text][\/vc_column][\/vc_row][vc_row equal_height=\u00a0\u00bbyes\u00a0\u00bb content_placement=\u00a0\u00bbtop\u00a0\u00bb css=\u00a0\u00bb.vc_custom_1686839774934{margin-bottom: 80px !important;}\u00a0\u00bb][vc_column][vc_column_text css=\u00a0\u00bb\u00a0\u00bb]Marche des affaires actuelle Malgr\u00e9 les incertitudes et la volatilit\u00e9 accrue sur les march\u00e9s financiers, la Schweizer KMU Pensionskasse a r\u00e9alis\u00e9 en 2025 une performance de placement de 7,0 %, sup\u00e9rieure \u00e0 celle du march\u00e9, gr\u00e2ce \u00e0 sa strat\u00e9gie de placement \u00e9prouv\u00e9e. Avec un taux&hellip;<\/p>\n","protected":false},"author":2,"featured_media":0,"parent":0,"menu_order":1,"comment_status":"closed","ping_status":"closed","template":"","meta":{"footnotes":""},"class_list":["post-688","page","type-page","status-publish","hentry","description-off"],"yoast_head":"<!-- This site is optimized with the Yoast SEO plugin v26.9 - https:\/\/yoast.com\/product\/yoast-seo-wordpress\/ -->\n<title>Schweizer KMU Pensionskasse - Nos chiffres cl\u00e9s en bref<\/title>\n<meta name=\"description\" content=\"Aper\u00e7u de nos chiffres cl\u00e9s. Vous trouverez ici de plus amples informations sur la r\u00e9muneration, le degr\u00e9 de couverture et la performance.\" \/>\n<meta name=\"robots\" content=\"index, follow, max-snippet:-1, max-image-preview:large, max-video-preview:-1\" \/>\n<link rel=\"canonical\" href=\"https:\/\/www.schweizerkmupk.ch\/fr\/chiffres-cles\/\" \/>\n<meta property=\"og:locale\" content=\"fr_FR\" \/>\n<meta property=\"og:type\" content=\"article\" \/>\n<meta property=\"og:title\" content=\"Schweizer KMU Pensionskasse - Nos chiffres cl\u00e9s en bref\" \/>\n<meta property=\"og:description\" content=\"Aper\u00e7u de nos chiffres cl\u00e9s. Vous trouverez ici de plus amples informations sur la r\u00e9muneration, le degr\u00e9 de couverture et la performance.\" \/>\n<meta property=\"og:url\" content=\"https:\/\/www.schweizerkmupk.ch\/fr\/chiffres-cles\/\" \/>\n<meta property=\"og:site_name\" content=\"Pensionskasse\" \/>\n<meta property=\"article:modified_time\" content=\"2026-02-13T11:31:47+00:00\" \/>\n<meta name=\"twitter:card\" content=\"summary_large_image\" \/>\n<meta name=\"twitter:label1\" content=\"Dur\u00e9e de lecture estim\u00e9e\" \/>\n\t<meta name=\"twitter:data1\" content=\"2 minutes\" \/>\n<script type=\"application\/ld+json\" class=\"yoast-schema-graph\">{\"@context\":\"https:\/\/schema.org\",\"@graph\":[{\"@type\":\"WebPage\",\"@id\":\"https:\/\/www.schweizerkmupk.ch\/fr\/chiffres-cles\/\",\"url\":\"https:\/\/www.schweizerkmupk.ch\/fr\/chiffres-cles\/\",\"name\":\"Schweizer KMU Pensionskasse - Nos chiffres cl\u00e9s en bref\",\"isPartOf\":{\"@id\":\"https:\/\/www.schweizerkmupk.ch\/#website\"},\"datePublished\":\"2022-05-30T08:39:52+00:00\",\"dateModified\":\"2026-02-13T11:31:47+00:00\",\"description\":\"Aper\u00e7u de nos chiffres cl\u00e9s. Vous trouverez ici de plus amples informations sur la r\u00e9muneration, le degr\u00e9 de couverture et la performance.\",\"inLanguage\":\"fr-FR\",\"potentialAction\":[{\"@type\":\"ReadAction\",\"target\":[\"https:\/\/www.schweizerkmupk.ch\/fr\/chiffres-cles\/\"]}]},{\"@type\":\"WebSite\",\"@id\":\"https:\/\/www.schweizerkmupk.ch\/#website\",\"url\":\"https:\/\/www.schweizerkmupk.ch\/\",\"name\":\"Pensionskasse\",\"description\":\"\",\"potentialAction\":[{\"@type\":\"SearchAction\",\"target\":{\"@type\":\"EntryPoint\",\"urlTemplate\":\"https:\/\/www.schweizerkmupk.ch\/?s={search_term_string}\"},\"query-input\":{\"@type\":\"PropertyValueSpecification\",\"valueRequired\":true,\"valueName\":\"search_term_string\"}}],\"inLanguage\":\"fr-FR\"}]}<\/script>\n<!-- \/ Yoast SEO plugin. -->","yoast_head_json":{"title":"Schweizer KMU Pensionskasse - Nos chiffres cl\u00e9s en bref","description":"Aper\u00e7u de nos chiffres cl\u00e9s. Vous trouverez ici de plus amples informations sur la r\u00e9muneration, le degr\u00e9 de couverture et la performance.","robots":{"index":"index","follow":"follow","max-snippet":"max-snippet:-1","max-image-preview":"max-image-preview:large","max-video-preview":"max-video-preview:-1"},"canonical":"https:\/\/www.schweizerkmupk.ch\/fr\/chiffres-cles\/","og_locale":"fr_FR","og_type":"article","og_title":"Schweizer KMU Pensionskasse - Nos chiffres cl\u00e9s en bref","og_description":"Aper\u00e7u de nos chiffres cl\u00e9s. Vous trouverez ici de plus amples informations sur la r\u00e9muneration, le degr\u00e9 de couverture et la performance.","og_url":"https:\/\/www.schweizerkmupk.ch\/fr\/chiffres-cles\/","og_site_name":"Pensionskasse","article_modified_time":"2026-02-13T11:31:47+00:00","twitter_card":"summary_large_image","twitter_misc":{"Dur\u00e9e de lecture estim\u00e9e":"2 minutes"},"schema":{"@context":"https:\/\/schema.org","@graph":[{"@type":"WebPage","@id":"https:\/\/www.schweizerkmupk.ch\/fr\/chiffres-cles\/","url":"https:\/\/www.schweizerkmupk.ch\/fr\/chiffres-cles\/","name":"Schweizer KMU Pensionskasse - Nos chiffres cl\u00e9s en bref","isPartOf":{"@id":"https:\/\/www.schweizerkmupk.ch\/#website"},"datePublished":"2022-05-30T08:39:52+00:00","dateModified":"2026-02-13T11:31:47+00:00","description":"Aper\u00e7u de nos chiffres cl\u00e9s. Vous trouverez ici de plus amples informations sur la r\u00e9muneration, le degr\u00e9 de couverture et la performance.","inLanguage":"fr-FR","potentialAction":[{"@type":"ReadAction","target":["https:\/\/www.schweizerkmupk.ch\/fr\/chiffres-cles\/"]}]},{"@type":"WebSite","@id":"https:\/\/www.schweizerkmupk.ch\/#website","url":"https:\/\/www.schweizerkmupk.ch\/","name":"Pensionskasse","description":"","potentialAction":[{"@type":"SearchAction","target":{"@type":"EntryPoint","urlTemplate":"https:\/\/www.schweizerkmupk.ch\/?s={search_term_string}"},"query-input":{"@type":"PropertyValueSpecification","valueRequired":true,"valueName":"search_term_string"}}],"inLanguage":"fr-FR"}]}},"_links":{"self":[{"href":"https:\/\/www.schweizerkmupk.ch\/fr\/wp-json\/wp\/v2\/pages\/688","targetHints":{"allow":["GET"]}}],"collection":[{"href":"https:\/\/www.schweizerkmupk.ch\/fr\/wp-json\/wp\/v2\/pages"}],"about":[{"href":"https:\/\/www.schweizerkmupk.ch\/fr\/wp-json\/wp\/v2\/types\/page"}],"author":[{"embeddable":true,"href":"https:\/\/www.schweizerkmupk.ch\/fr\/wp-json\/wp\/v2\/users\/2"}],"replies":[{"embeddable":true,"href":"https:\/\/www.schweizerkmupk.ch\/fr\/wp-json\/wp\/v2\/comments?post=688"}],"version-history":[{"count":28,"href":"https:\/\/www.schweizerkmupk.ch\/fr\/wp-json\/wp\/v2\/pages\/688\/revisions"}],"predecessor-version":[{"id":2665,"href":"https:\/\/www.schweizerkmupk.ch\/fr\/wp-json\/wp\/v2\/pages\/688\/revisions\/2665"}],"wp:attachment":[{"href":"https:\/\/www.schweizerkmupk.ch\/fr\/wp-json\/wp\/v2\/media?parent=688"}],"curies":[{"name":"wp","href":"https:\/\/api.w.org\/{rel}","templated":true}]}}