{"id":2123,"date":"2023-06-15T08:10:11","date_gmt":"2023-06-15T06:10:11","guid":{"rendered":"https:\/\/www.schweizerkmupk.ch\/stiftungsrat\/"},"modified":"2025-06-26T09:30:30","modified_gmt":"2025-06-26T07:30:30","slug":"consiglio-di-fondazione","status":"publish","type":"page","link":"https:\/\/www.schweizerkmupk.ch\/it\/consiglio-di-fondazione\/","title":{"rendered":"Consiglio di fondazione"},"content":{"rendered":"<div class=\"wpb-content-wrapper\"><p>[vc_row equal_height=&#8221;yes&#8221; content_placement=&#8221;top&#8221; css=&#8221;.vc_custom_1607008906038{margin-bottom: 80px !important;}&#8221;][vc_column][vc_column_text]<\/p>\n<div class=\"wpb_text_column wpb_content_element \">\n<div class=\"wpb_wrapper\">\n<h3 style=\"text-align: center;\">Consiglio di fondazione<\/h3>\n<\/div>\n<\/div>\n<div class=\"wpb_text_column wpb_content_element \">\n<div class=\"wpb_wrapper\" style=\"text-align: center;\"><\/div>\n<\/div>\n<p>[\/vc_column_text][\/vc_column][\/vc_row][vc_row][vc_column][vc_column_text]Il Consiglio di fondazione \u00e8 l&#8217;organo supremo della Schweizer KMU Pensionskasse. I suoi numerosi compiti si concentrano sulla gestione e sul controllo generale. Il Consiglio di fondazione definisce gli obiettivi strategici e pone le basi per la previdenza, gli investimenti, l&#8217;organizzazione e la comunicazione. Elegge inoltre la Commissione d\u2019investimento, la direzione, il perito della cassa pensioni e l&#8217;ufficio di revisione.<\/p>\n<p>L&#8217;organo, composto da sei membri, \u00e8 eletto dalle commissioni di previdenza delle societ\u00e0 affiliate e la sua composizione \u00e8 paritaria (uguale numero di rappresentanti dei datori di lavoro e dei dipendenti).<\/p>\n<p>Tutti i membri del Consiglio di fondazione sono assicurati presso la Schweizer KMU Pensionskasse o sono affiliati ad esso con i dipendenti della loro azienda.[\/vc_column_text][vc_column_text]<\/p>\n<div class=\"wpb_column vc_column_container vc_col-sm-12\">\n<div class=\"vc_column-inner\">\n<div class=\"wpb_wrapper\">\n<div class=\"wpb_text_column wpb_content_element \">\n<div class=\"wpb_wrapper\">\n<h5><strong>Rappresentanti dei datori di lavoro\u00a0<\/strong><\/h5>\n<\/div>\n<\/div>\n<div class=\"ult-spacer spacer-648c56f59150f\" data-id=\"648c56f59150f\" data-height=\"\" data-height-mobile=\"\" data-height-tab=\"\" data-height-tab-portrait=\"\" data-height-mobile-landscape=\"\"><\/div>\n<\/div>\n<\/div>\n<\/div>\n<div class=\"wpb_column vc_column_container vc_col-sm-4\">\n<div class=\"vc_column-inner\">\n<div class=\"wpb_wrapper\">\n<div class=\"standard-arrow list-divider bullet-top\"><\/div>\n<\/div>\n<\/div>\n<\/div>\n<p>[\/vc_column_text]<div class=\"ult-spacer spacer-69ecdbfd454b3\" data-id=\"69ecdbfd454b3\" data-height=\"\" data-height-mobile=\"\" data-height-tab=\"\" data-height-tab-portrait=\"\" data-height-mobile-landscape=\"\" style=\"clear:both;display:block;\"><\/div>[\/vc_column][vc_column width=&#8221;1\/3&#8243;]<div class=\"standard-arrow list-divider bullet-top\"><p><strong>Christian Nussbaumer<\/strong><\/p>\n<ul>\n<li>Membro del Consiglio di fondazione dal 2020<br \/>\nPresidente<\/li>\n<li>Partner,<br \/>\nAeberli Treuhand AG a Zurigo<\/li>\n<\/ul>\n<\/div>[\/vc_column][vc_column width=&#8221;1\/3&#8243;]<div class=\"standard-arrow list-divider bullet-top\"><p><strong>Dr. Felix Obrist<\/strong><\/p>\n<ul>\n<li>Membro del Consiglio di fondazione dal 2020,<br \/>\nMembro della Commissione d\u2019investimento<\/li>\n<li>CEO,<br \/>\nNahrin AG a Sarnen OW<\/li>\n<\/ul>\n<\/div>[\/vc_column][vc_column width=&#8221;1\/3&#8243;]<div class=\"standard-arrow list-divider bullet-top\"><p><strong>SIlvan Eberhard<\/strong><\/p>\n<ul>\n<li>Membro del Consiglio di fondazione dal 2025<br \/>\n<span style=\"color: #ffffff;\">x<\/span><\/li>\n<li>Responsabile della logistica,<br \/>\nEberhard Bau AG a Kloten ZH<\/li>\n<\/ul>\n<\/div>[\/vc_column][vc_column]<div class=\"ult-spacer spacer-69ecdbfd455ee\" data-id=\"69ecdbfd455ee\" data-height=\"30\" data-height-mobile=\"30\" data-height-tab=\"30\" data-height-tab-portrait=\"\" data-height-mobile-landscape=\"\" style=\"clear:both;display:block;\"><\/div>[vc_column_text]<\/p>\n<div class=\"vc_row wpb_row vc_row-fluid\">\n<div class=\"wpb_column vc_column_container vc_col-sm-12\">\n<div class=\"vc_column-inner\">\n<div class=\"wpb_wrapper\">\n<div class=\"wpb_text_column wpb_content_element \">\n<div class=\"wpb_wrapper\">\n<h5><strong>Rappresentanti dei dipendenti<\/strong><\/h5>\n<\/div>\n<\/div>\n<\/div>\n<\/div>\n<\/div>\n<\/div>\n<p>[\/vc_column_text]<div class=\"ult-spacer spacer-69ecdbfd45613\" data-id=\"69ecdbfd45613\" data-height=\"\" data-height-mobile=\"\" data-height-tab=\"\" data-height-tab-portrait=\"\" data-height-mobile-landscape=\"\" style=\"clear:both;display:block;\"><\/div>[\/vc_column][\/vc_row][vc_row][vc_column width=&#8221;1\/3&#8243;]<div class=\"standard-arrow list-divider bullet-top\"><p><strong>Matthias Hauser<\/strong><\/p>\n<ul>\n<li>Membro del Consiglio di fondazione dal 2023,<br \/>\nVicepresidente del Consiglio di fondazione<\/li>\n<li>Corporate Controller,<br \/>\nSimilasan Gruppe a Jonen AG<\/li>\n<\/ul>\n<\/div>[\/vc_column][vc_column width=&#8221;1\/3&#8243;]<div class=\"standard-arrow list-divider bullet-top\"><p><strong>Pascal Spaar<\/strong><\/p>\n<ul>\n<li>Membro del Consiglio di fondazione dal 2022,<br \/>\nMembro della Commissione d\u2019investimento<\/li>\n<li>Capo progetto,<br \/>\nEberhard Recycling AG a Kloten ZH<\/li>\n<\/ul>\n<\/div>[\/vc_column][vc_column width=&#8221;1\/3&#8243;]<div class=\"standard-arrow list-divider bullet-top\"><p><strong>Silvana Zwahlen<\/strong><\/p>\n<ul>\n<li>Membro del Consiglio di fondazione dal 2023<br \/>\n<span style=\"color: #ffffff;\">test<\/span><\/li>\n<li>Responsabile finanze, risorse umane ed amministrazione,<br \/>\nMax Schweizer AG a Zurigo<\/li>\n<\/ul>\n<\/div>[\/vc_column][\/vc_row][vc_column][\/vc_column]<\/p>\n<\/div>","protected":false},"excerpt":{"rendered":"<p>[vc_row equal_height=&#8221;yes&#8221; content_placement=&#8221;top&#8221; css=&#8221;.vc_custom_1607008906038{margin-bottom: 80px !important;}&#8221;][vc_column][vc_column_text] Consiglio di fondazione [\/vc_column_text][\/vc_column][\/vc_row][vc_row][vc_column][vc_column_text]Il Consiglio di fondazione \u00e8 l&#8217;organo supremo della Schweizer KMU Pensionskasse. I suoi numerosi compiti si concentrano sulla gestione e sul controllo generale. Il Consiglio di fondazione definisce gli obiettivi strategici e pone le basi per la previdenza, gli investimenti, l&#8217;organizzazione e la comunicazione. Elegge inoltre&hellip;<\/p>\n","protected":false},"author":2,"featured_media":0,"parent":0,"menu_order":4,"comment_status":"closed","ping_status":"closed","template":"","meta":{"footnotes":""},"class_list":["post-2123","page","type-page","status-publish","hentry","description-off"],"yoast_head":"<!-- This site is optimized with the Yoast SEO plugin v26.9 - https:\/\/yoast.com\/product\/yoast-seo-wordpress\/ -->\n<title>Schweizer KMU Pensionskasse - Consiglio di fondazione<\/title>\n<meta name=\"description\" content=\"Desideriamo presentarci a voi. Qui troverete informazioni su chi siamo, sui nostri valori, sul Consiglio di fondazione e sulla Direzione.\" \/>\n<meta name=\"robots\" content=\"index, follow, max-snippet:-1, max-image-preview:large, max-video-preview:-1\" \/>\n<link rel=\"canonical\" href=\"https:\/\/www.schweizerkmupk.ch\/it\/consiglio-di-fondazione\/\" \/>\n<meta property=\"og:locale\" content=\"it_IT\" \/>\n<meta property=\"og:type\" content=\"article\" \/>\n<meta property=\"og:title\" content=\"Schweizer KMU Pensionskasse - Consiglio di fondazione\" \/>\n<meta property=\"og:description\" content=\"Desideriamo presentarci a voi. Qui troverete informazioni su chi siamo, sui nostri valori, sul Consiglio di fondazione e sulla Direzione.\" \/>\n<meta property=\"og:url\" content=\"https:\/\/www.schweizerkmupk.ch\/it\/consiglio-di-fondazione\/\" \/>\n<meta property=\"og:site_name\" content=\"Pensionskasse\" \/>\n<meta property=\"article:modified_time\" content=\"2025-06-26T07:30:30+00:00\" \/>\n<meta name=\"twitter:card\" content=\"summary_large_image\" \/>\n<meta name=\"twitter:label1\" content=\"Tempo di lettura stimato\" \/>\n\t<meta name=\"twitter:data1\" content=\"2 minuti\" \/>\n<script type=\"application\/ld+json\" class=\"yoast-schema-graph\">{\"@context\":\"https:\/\/schema.org\",\"@graph\":[{\"@type\":\"WebPage\",\"@id\":\"https:\/\/www.schweizerkmupk.ch\/it\/consiglio-di-fondazione\/\",\"url\":\"https:\/\/www.schweizerkmupk.ch\/it\/consiglio-di-fondazione\/\",\"name\":\"Schweizer KMU Pensionskasse - Consiglio di fondazione\",\"isPartOf\":{\"@id\":\"https:\/\/www.schweizerkmupk.ch\/#website\"},\"datePublished\":\"2023-06-15T06:10:11+00:00\",\"dateModified\":\"2025-06-26T07:30:30+00:00\",\"description\":\"Desideriamo presentarci a voi. Qui troverete informazioni su chi siamo, sui nostri valori, sul Consiglio di fondazione e sulla Direzione.\",\"inLanguage\":\"it-IT\",\"potentialAction\":[{\"@type\":\"ReadAction\",\"target\":[\"https:\/\/www.schweizerkmupk.ch\/it\/consiglio-di-fondazione\/\"]}]},{\"@type\":\"WebSite\",\"@id\":\"https:\/\/www.schweizerkmupk.ch\/#website\",\"url\":\"https:\/\/www.schweizerkmupk.ch\/\",\"name\":\"Pensionskasse\",\"description\":\"\",\"potentialAction\":[{\"@type\":\"SearchAction\",\"target\":{\"@type\":\"EntryPoint\",\"urlTemplate\":\"https:\/\/www.schweizerkmupk.ch\/?s={search_term_string}\"},\"query-input\":{\"@type\":\"PropertyValueSpecification\",\"valueRequired\":true,\"valueName\":\"search_term_string\"}}],\"inLanguage\":\"it-IT\"}]}<\/script>\n<!-- \/ Yoast SEO plugin. -->","yoast_head_json":{"title":"Schweizer KMU Pensionskasse - Consiglio di fondazione","description":"Desideriamo presentarci a voi. Qui troverete informazioni su chi siamo, sui nostri valori, sul Consiglio di fondazione e sulla Direzione.","robots":{"index":"index","follow":"follow","max-snippet":"max-snippet:-1","max-image-preview":"max-image-preview:large","max-video-preview":"max-video-preview:-1"},"canonical":"https:\/\/www.schweizerkmupk.ch\/it\/consiglio-di-fondazione\/","og_locale":"it_IT","og_type":"article","og_title":"Schweizer KMU Pensionskasse - Consiglio di fondazione","og_description":"Desideriamo presentarci a voi. Qui troverete informazioni su chi siamo, sui nostri valori, sul Consiglio di fondazione e sulla Direzione.","og_url":"https:\/\/www.schweizerkmupk.ch\/it\/consiglio-di-fondazione\/","og_site_name":"Pensionskasse","article_modified_time":"2025-06-26T07:30:30+00:00","twitter_card":"summary_large_image","twitter_misc":{"Tempo di lettura stimato":"2 minuti"},"schema":{"@context":"https:\/\/schema.org","@graph":[{"@type":"WebPage","@id":"https:\/\/www.schweizerkmupk.ch\/it\/consiglio-di-fondazione\/","url":"https:\/\/www.schweizerkmupk.ch\/it\/consiglio-di-fondazione\/","name":"Schweizer KMU Pensionskasse - Consiglio di fondazione","isPartOf":{"@id":"https:\/\/www.schweizerkmupk.ch\/#website"},"datePublished":"2023-06-15T06:10:11+00:00","dateModified":"2025-06-26T07:30:30+00:00","description":"Desideriamo presentarci a voi. Qui troverete informazioni su chi siamo, sui nostri valori, sul Consiglio di fondazione e sulla Direzione.","inLanguage":"it-IT","potentialAction":[{"@type":"ReadAction","target":["https:\/\/www.schweizerkmupk.ch\/it\/consiglio-di-fondazione\/"]}]},{"@type":"WebSite","@id":"https:\/\/www.schweizerkmupk.ch\/#website","url":"https:\/\/www.schweizerkmupk.ch\/","name":"Pensionskasse","description":"","potentialAction":[{"@type":"SearchAction","target":{"@type":"EntryPoint","urlTemplate":"https:\/\/www.schweizerkmupk.ch\/?s={search_term_string}"},"query-input":{"@type":"PropertyValueSpecification","valueRequired":true,"valueName":"search_term_string"}}],"inLanguage":"it-IT"}]}},"_links":{"self":[{"href":"https:\/\/www.schweizerkmupk.ch\/it\/wp-json\/wp\/v2\/pages\/2123","targetHints":{"allow":["GET"]}}],"collection":[{"href":"https:\/\/www.schweizerkmupk.ch\/it\/wp-json\/wp\/v2\/pages"}],"about":[{"href":"https:\/\/www.schweizerkmupk.ch\/it\/wp-json\/wp\/v2\/types\/page"}],"author":[{"embeddable":true,"href":"https:\/\/www.schweizerkmupk.ch\/it\/wp-json\/wp\/v2\/users\/2"}],"replies":[{"embeddable":true,"href":"https:\/\/www.schweizerkmupk.ch\/it\/wp-json\/wp\/v2\/comments?post=2123"}],"version-history":[{"count":7,"href":"https:\/\/www.schweizerkmupk.ch\/it\/wp-json\/wp\/v2\/pages\/2123\/revisions"}],"predecessor-version":[{"id":2620,"href":"https:\/\/www.schweizerkmupk.ch\/it\/wp-json\/wp\/v2\/pages\/2123\/revisions\/2620"}],"wp:attachment":[{"href":"https:\/\/www.schweizerkmupk.ch\/it\/wp-json\/wp\/v2\/media?parent=2123"}],"curies":[{"name":"wp","href":"https:\/\/api.w.org\/{rel}","templated":true}]}}