{"id":561,"date":"2020-12-11T14:48:33","date_gmt":"2020-12-11T12:48:33","guid":{"rendered":"https:\/\/www.schweizerkmupk.ch\/impressum\/"},"modified":"2022-10-21T14:02:28","modified_gmt":"2022-10-21T12:02:28","slug":"impressum","status":"publish","type":"page","link":"https:\/\/www.schweizerkmupk.ch\/it\/impressum\/","title":{"rendered":"Impressum"},"content":{"rendered":"<div class=\"wpb-content-wrapper\"><p>[vc_row][vc_column]<div class=\"ult-spacer spacer-69ece04cc53d2\" data-id=\"69ece04cc53d2\" data-height=\"50\" data-height-mobile=\"50\" data-height-tab=\"\" data-height-tab-portrait=\"50\" data-height-mobile-landscape=\"\" style=\"clear:both;display:block;\"><\/div>[\/vc_column][\/vc_row][vc_row][vc_column][vc_column_text]<\/p>\n<h2>RESPONSABILE DEL CONTENUTO:<\/h2>\n<p>Schweizer KMU Pensionskasse<br \/>\nc\/o Safe Future Management AG<br \/>\nW\u00e4chlenstrasse 13<br \/>\n8832 Wollerau<\/p>\n<p><strong>E-Mail:<\/strong> <a href=\"mailto:info@safefuture.ch\">info@safefuture.ch<\/a><\/p>\n<p>&nbsp;<\/p>\n<h2>REALIZZAZIONE:<\/h2>\n<p>&nbsp;<\/p>\n<p><img loading=\"lazy\" decoding=\"async\" class=\"alignnone wp-image-679 ls-is-cached lazyloaded\" src=\"https:\/\/www.gartenbau-schoenenberger.ch\/wp-content\/uploads\/2020\/04\/190121_GLAU_Artwork_Logo_1200px_187px_RGB_Red-1024x160-1-300x47.jpg\" sizes=\"auto, (max-width: 249px) 100vw, 249px\" srcset=\"https:\/\/www.gartenbau-schoenenberger.ch\/wp-content\/uploads\/2020\/04\/190121_GLAU_Artwork_Logo_1200px_187px_RGB_Red-1024x160-1-300x47.jpg 300w, https:\/\/www.gartenbau-schoenenberger.ch\/wp-content\/uploads\/2020\/04\/190121_GLAU_Artwork_Logo_1200px_187px_RGB_Red-1024x160-1-768x120.jpg 768w, https:\/\/www.gartenbau-schoenenberger.ch\/wp-content\/uploads\/2020\/04\/190121_GLAU_Artwork_Logo_1200px_187px_RGB_Red-1024x160-1.jpg 1024w\" alt=\"\" width=\"249\" height=\"39\" data-srcset=\"https:\/\/www.gartenbau-schoenenberger.ch\/wp-content\/uploads\/2020\/04\/190121_GLAU_Artwork_Logo_1200px_187px_RGB_Red-1024x160-1-300x47.jpg 300w, https:\/\/www.gartenbau-schoenenberger.ch\/wp-content\/uploads\/2020\/04\/190121_GLAU_Artwork_Logo_1200px_187px_RGB_Red-1024x160-1-768x120.jpg 768w, https:\/\/www.gartenbau-schoenenberger.ch\/wp-content\/uploads\/2020\/04\/190121_GLAU_Artwork_Logo_1200px_187px_RGB_Red-1024x160-1.jpg 1024w\" data-src=\"https:\/\/www.gartenbau-schoenenberger.ch\/wp-content\/uploads\/2020\/04\/190121_GLAU_Artwork_Logo_1200px_187px_RGB_Red-1024x160-1-300x47.jpg\"><\/p>\n<p>GLA United GmbH<br \/>\nSchochenm\u00fchlestrasse 6<br \/>\n6340 Baar<\/p>\n<p><strong>Telefono:<\/strong> <a href=\"tel:+41%2041%20763%2012%2094\">+41 41 763 12 94<\/a><br \/>\n<strong>Email: <\/strong><a href=\"mailto:ch@gla-united.com\">ch@gla-united.com<\/a><\/p>\n<p>&nbsp;<\/p>\n<h3>GARANZIA<\/h3>\n<p>Ci sforziamo di fornire le informazioni pi\u00f9 accurate e aggiornate possibili. Il contenuto \u00e8 stato compilato con cura. Ciononostante, possono verificarsi degli errori. Gli autori e gli editori non si assumono alcuna garanzia o responsabilit\u00e0 per la correttezza, l&#8217;affidabilit\u00e0, la completezza e l&#8217;attualit\u00e0 delle informazioni. L&#8217;uso del sito web e delle informazioni in esso contenute \u00e8 a proprio rischio e pericolo. I cambiamenti possono essere fatti in qualsiasi momento.<\/p>\n<h3>COOKIES<\/h3>\n<p>Questo sito web utilizza i cookie. I cookie sono piccoli file di testo che vengono memorizzati in modo permanente o temporaneo nel suo computer quando visita questo sito web. Lo scopo dei cookies \u00e8 in particolare quello di analizzare l&#8217;uso di questo sito web per una valutazione statistica e per continui miglioramenti. Puoi disattivare i cookie in tutto o in parte in qualsiasi momento nelle impostazioni del tuo browser. Se disattiva i cookie, potrebbe non essere pi\u00f9 in grado di utilizzare tutte le funzioni di questo sito web.<\/p>\n<h3>Disclaimer<\/h3>\n<p>L&#8217;autore non si assume alcuna responsabilit\u00e0 per quanto riguarda la correttezza, la precisione, l&#8217;attualit\u00e0, l&#8217;affidabilit\u00e0 e la completezza delle informazioni. L&#8217;autore si riserva espressamente il diritto di cambiare, completare o cancellare parti delle pagine o l&#8217;intera offerta senza preavviso o di interrompere la pubblicazione temporaneamente o permanentemente. Tutte le offerte non sono vincolanti. L&#8217;autore si riserva espressamente il diritto di cambiare, completare o cancellare parti delle pagine o l&#8217;intera offerta senza annuncio separato o di cessare la pubblicazione temporaneamente o permanentemente.<\/p>\n<h3>Responsabilit\u00e0 per i link<\/h3>\n<p>I riferimenti e i link a siti web di terzi sono al di fuori della nostra area di responsabilit\u00e0. Non accettiamo alcuna responsabilit\u00e0 per tali siti web. L&#8217;accesso e l&#8217;uso di tali siti web \u00e8 a rischio e pericolo dell&#8217;utente.<\/p>\n<h3>Copyright<\/h3>\n<p>I diritti d&#8217;autore e tutti gli altri diritti sui contenuti, le immagini, le foto o altri file del sito web appartengono esclusivamente a Vinzenz Meier AG o ai titolari dei diritti specificatamente nominati. Il consenso scritto dei detentori del copyright deve essere ottenuto in anticipo per la riproduzione di qualsiasi elemento.<\/p>\n<h3>Risoluzione extragiudiziale delle controversie<\/h3>\n<p>Potete trovare la piattaforma della Commissione europea per la risoluzione extragiudiziale delle controversie online (piattaforma ODR) su: <a href=\"http:\/\/ec.europa.eu\/consumers\/odr\" target=\"_blank\" rel=\"noopener noreferrer\">http:\/\/ec.europa.eu\/consumers\/odr<\/a>[\/vc_column_text][\/vc_column][\/vc_row]<\/p>\n<\/div>","protected":false},"excerpt":{"rendered":"<p>[vc_row][vc_column][\/vc_column][\/vc_row][vc_row][vc_column][vc_column_text] RESPONSABILE DEL CONTENUTO: Schweizer KMU Pensionskasse c\/o Safe Future Management AG W\u00e4chlenstrasse 13 8832 Wollerau E-Mail: info@safefuture.ch &nbsp; REALIZZAZIONE: &nbsp; GLA United GmbH Schochenm\u00fchlestrasse 6 6340 Baar Telefono: +41 41 763 12 94 Email: ch@gla-united.com &nbsp; GARANZIA Ci sforziamo di fornire le informazioni pi\u00f9 accurate e aggiornate possibili. Il contenuto \u00e8 stato compilato con&hellip;<\/p>\n","protected":false},"author":1,"featured_media":0,"parent":0,"menu_order":13,"comment_status":"closed","ping_status":"closed","template":"","meta":{"footnotes":""},"class_list":["post-561","page","type-page","status-publish","hentry","description-off"],"yoast_head":"<!-- This site is optimized with the Yoast SEO plugin v26.9 - https:\/\/yoast.com\/product\/yoast-seo-wordpress\/ -->\n<title>Schweizer KMU Pensionskasse - contattaci!<\/title>\n<meta name=\"description\" content=\"Vuole saperne di pi\u00f9 sul nostra nuova cassa pensione? Siamo a sua disposizione, contattaci!\" \/>\n<meta name=\"robots\" content=\"index, follow, max-snippet:-1, max-image-preview:large, max-video-preview:-1\" \/>\n<link rel=\"canonical\" href=\"https:\/\/www.schweizerkmupk.ch\/it\/impressum\/\" \/>\n<meta property=\"og:locale\" content=\"it_IT\" \/>\n<meta property=\"og:type\" content=\"article\" \/>\n<meta property=\"og:title\" content=\"Schweizer KMU Pensionskasse - contattaci!\" \/>\n<meta property=\"og:description\" content=\"Vuole saperne di pi\u00f9 sul nostra nuova cassa pensione? Siamo a sua disposizione, contattaci!\" \/>\n<meta property=\"og:url\" content=\"https:\/\/www.schweizerkmupk.ch\/it\/impressum\/\" \/>\n<meta property=\"og:site_name\" content=\"Pensionskasse\" \/>\n<meta property=\"article:modified_time\" content=\"2022-10-21T12:02:28+00:00\" \/>\n<meta property=\"og:image\" content=\"https:\/\/www.gartenbau-schoenenberger.ch\/wp-content\/uploads\/2020\/04\/190121_GLAU_Artwork_Logo_1200px_187px_RGB_Red-1024x160-1-300x47.jpg\" \/>\n<meta name=\"twitter:card\" content=\"summary_large_image\" \/>\n<meta name=\"twitter:label1\" content=\"Tempo di lettura stimato\" \/>\n\t<meta name=\"twitter:data1\" content=\"2 minuti\" \/>\n<script type=\"application\/ld+json\" class=\"yoast-schema-graph\">{\"@context\":\"https:\/\/schema.org\",\"@graph\":[{\"@type\":\"WebPage\",\"@id\":\"https:\/\/www.schweizerkmupk.ch\/it\/impressum\/\",\"url\":\"https:\/\/www.schweizerkmupk.ch\/it\/impressum\/\",\"name\":\"Schweizer KMU Pensionskasse - contattaci!\",\"isPartOf\":{\"@id\":\"https:\/\/www.schweizerkmupk.ch\/#website\"},\"primaryImageOfPage\":{\"@id\":\"https:\/\/www.schweizerkmupk.ch\/it\/impressum\/#primaryimage\"},\"image\":{\"@id\":\"https:\/\/www.schweizerkmupk.ch\/it\/impressum\/#primaryimage\"},\"thumbnailUrl\":\"https:\/\/www.gartenbau-schoenenberger.ch\/wp-content\/uploads\/2020\/04\/190121_GLAU_Artwork_Logo_1200px_187px_RGB_Red-1024x160-1-300x47.jpg\",\"datePublished\":\"2020-12-11T12:48:33+00:00\",\"dateModified\":\"2022-10-21T12:02:28+00:00\",\"description\":\"Vuole saperne di pi\u00f9 sul nostra nuova cassa pensione? Siamo a sua disposizione, contattaci!\",\"inLanguage\":\"it-IT\",\"potentialAction\":[{\"@type\":\"ReadAction\",\"target\":[\"https:\/\/www.schweizerkmupk.ch\/it\/impressum\/\"]}]},{\"@type\":\"ImageObject\",\"inLanguage\":\"it-IT\",\"@id\":\"https:\/\/www.schweizerkmupk.ch\/it\/impressum\/#primaryimage\",\"url\":\"https:\/\/www.gartenbau-schoenenberger.ch\/wp-content\/uploads\/2020\/04\/190121_GLAU_Artwork_Logo_1200px_187px_RGB_Red-1024x160-1-300x47.jpg\",\"contentUrl\":\"https:\/\/www.gartenbau-schoenenberger.ch\/wp-content\/uploads\/2020\/04\/190121_GLAU_Artwork_Logo_1200px_187px_RGB_Red-1024x160-1-300x47.jpg\"},{\"@type\":\"WebSite\",\"@id\":\"https:\/\/www.schweizerkmupk.ch\/#website\",\"url\":\"https:\/\/www.schweizerkmupk.ch\/\",\"name\":\"Pensionskasse\",\"description\":\"\",\"potentialAction\":[{\"@type\":\"SearchAction\",\"target\":{\"@type\":\"EntryPoint\",\"urlTemplate\":\"https:\/\/www.schweizerkmupk.ch\/?s={search_term_string}\"},\"query-input\":{\"@type\":\"PropertyValueSpecification\",\"valueRequired\":true,\"valueName\":\"search_term_string\"}}],\"inLanguage\":\"it-IT\"}]}<\/script>\n<!-- \/ Yoast SEO plugin. -->","yoast_head_json":{"title":"Schweizer KMU Pensionskasse - contattaci!","description":"Vuole saperne di pi\u00f9 sul nostra nuova cassa pensione? Siamo a sua disposizione, contattaci!","robots":{"index":"index","follow":"follow","max-snippet":"max-snippet:-1","max-image-preview":"max-image-preview:large","max-video-preview":"max-video-preview:-1"},"canonical":"https:\/\/www.schweizerkmupk.ch\/it\/impressum\/","og_locale":"it_IT","og_type":"article","og_title":"Schweizer KMU Pensionskasse - contattaci!","og_description":"Vuole saperne di pi\u00f9 sul nostra nuova cassa pensione? Siamo a sua disposizione, contattaci!","og_url":"https:\/\/www.schweizerkmupk.ch\/it\/impressum\/","og_site_name":"Pensionskasse","article_modified_time":"2022-10-21T12:02:28+00:00","og_image":[{"url":"https:\/\/www.gartenbau-schoenenberger.ch\/wp-content\/uploads\/2020\/04\/190121_GLAU_Artwork_Logo_1200px_187px_RGB_Red-1024x160-1-300x47.jpg","type":"","width":"","height":""}],"twitter_card":"summary_large_image","twitter_misc":{"Tempo di lettura stimato":"2 minuti"},"schema":{"@context":"https:\/\/schema.org","@graph":[{"@type":"WebPage","@id":"https:\/\/www.schweizerkmupk.ch\/it\/impressum\/","url":"https:\/\/www.schweizerkmupk.ch\/it\/impressum\/","name":"Schweizer KMU Pensionskasse - contattaci!","isPartOf":{"@id":"https:\/\/www.schweizerkmupk.ch\/#website"},"primaryImageOfPage":{"@id":"https:\/\/www.schweizerkmupk.ch\/it\/impressum\/#primaryimage"},"image":{"@id":"https:\/\/www.schweizerkmupk.ch\/it\/impressum\/#primaryimage"},"thumbnailUrl":"https:\/\/www.gartenbau-schoenenberger.ch\/wp-content\/uploads\/2020\/04\/190121_GLAU_Artwork_Logo_1200px_187px_RGB_Red-1024x160-1-300x47.jpg","datePublished":"2020-12-11T12:48:33+00:00","dateModified":"2022-10-21T12:02:28+00:00","description":"Vuole saperne di pi\u00f9 sul nostra nuova cassa pensione? Siamo a sua disposizione, contattaci!","inLanguage":"it-IT","potentialAction":[{"@type":"ReadAction","target":["https:\/\/www.schweizerkmupk.ch\/it\/impressum\/"]}]},{"@type":"ImageObject","inLanguage":"it-IT","@id":"https:\/\/www.schweizerkmupk.ch\/it\/impressum\/#primaryimage","url":"https:\/\/www.gartenbau-schoenenberger.ch\/wp-content\/uploads\/2020\/04\/190121_GLAU_Artwork_Logo_1200px_187px_RGB_Red-1024x160-1-300x47.jpg","contentUrl":"https:\/\/www.gartenbau-schoenenberger.ch\/wp-content\/uploads\/2020\/04\/190121_GLAU_Artwork_Logo_1200px_187px_RGB_Red-1024x160-1-300x47.jpg"},{"@type":"WebSite","@id":"https:\/\/www.schweizerkmupk.ch\/#website","url":"https:\/\/www.schweizerkmupk.ch\/","name":"Pensionskasse","description":"","potentialAction":[{"@type":"SearchAction","target":{"@type":"EntryPoint","urlTemplate":"https:\/\/www.schweizerkmupk.ch\/?s={search_term_string}"},"query-input":{"@type":"PropertyValueSpecification","valueRequired":true,"valueName":"search_term_string"}}],"inLanguage":"it-IT"}]}},"_links":{"self":[{"href":"https:\/\/www.schweizerkmupk.ch\/it\/wp-json\/wp\/v2\/pages\/561","targetHints":{"allow":["GET"]}}],"collection":[{"href":"https:\/\/www.schweizerkmupk.ch\/it\/wp-json\/wp\/v2\/pages"}],"about":[{"href":"https:\/\/www.schweizerkmupk.ch\/it\/wp-json\/wp\/v2\/types\/page"}],"author":[{"embeddable":true,"href":"https:\/\/www.schweizerkmupk.ch\/it\/wp-json\/wp\/v2\/users\/1"}],"replies":[{"embeddable":true,"href":"https:\/\/www.schweizerkmupk.ch\/it\/wp-json\/wp\/v2\/comments?post=561"}],"version-history":[{"count":1,"href":"https:\/\/www.schweizerkmupk.ch\/it\/wp-json\/wp\/v2\/pages\/561\/revisions"}],"predecessor-version":[{"id":740,"href":"https:\/\/www.schweizerkmupk.ch\/it\/wp-json\/wp\/v2\/pages\/561\/revisions\/740"}],"wp:attachment":[{"href":"https:\/\/www.schweizerkmupk.ch\/it\/wp-json\/wp\/v2\/media?parent=561"}],"curies":[{"name":"wp","href":"https:\/\/api.w.org\/{rel}","templated":true}]}}